{"id":1145,"date":"2023-12-19T17:05:11","date_gmt":"2023-12-19T16:05:11","guid":{"rendered":"https:\/\/saumaize-michelin.com\/?page_id=1145"},"modified":"2023-12-19T17:05:38","modified_gmt":"2023-12-19T16:05:38","slug":"saint-veran-en-pommard","status":"publish","type":"page","link":"https:\/\/saumaize-michelin.com\/index.php\/fr\/saint-veran-en-pommard\/","title":{"rendered":"Saint V\u00e9ran \u00ab\u00a0En Pommard\u00a0\u00bb"},"content":{"rendered":"<header class=\"entry-header\">\n<h1 class=\"entry-title\"><\/h1>\n<\/header>\n<p>Saint V\u00e9ran \u00ab\u00a0En Pommard\u00a0\u00bb est issu du c\u00e9page Chardonnay (100%).<\/p>\n<p>Cette jeune vigne situ\u00e9 sur l&rsquo;arri\u00e8re de la roche de Solutr\u00e9, parcelle de 33 hares expos\u00e9 au Nord.<\/p>\n<p>Altitude de 260m sur des sol a oxyde de fer issue du jurassique.<\/p>\n<p>Bouche avec de la chair et du corps. Le fruit est croquant, juteux avec une finale riche, saline et longue.<\/p>\n","protected":false},"excerpt":{"rendered":"<p>Saint V\u00e9ran \u00ab\u00a0En Pommard\u00a0\u00bb est issu du c\u00e9page Chardonnay (100%). Cette jeune vigne situ\u00e9 sur l&rsquo;arri\u00e8re de la roche de Solutr\u00e9, parcelle [&hellip;]<\/p>\n","protected":false},"author":3,"featured_media":0,"parent":0,"menu_order":0,"comment_status":"closed","ping_status":"closed","template":"","meta":{"footnotes":""},"jetpack_sharing_enabled":true,"_links":{"self":[{"href":"https:\/\/saumaize-michelin.com\/index.php\/wp-json\/wp\/v2\/pages\/1145"}],"collection":[{"href":"https:\/\/saumaize-michelin.com\/index.php\/wp-json\/wp\/v2\/pages"}],"about":[{"href":"https:\/\/saumaize-michelin.com\/index.php\/wp-json\/wp\/v2\/types\/page"}],"author":[{"embeddable":true,"href":"https:\/\/saumaize-michelin.com\/index.php\/wp-json\/wp\/v2\/users\/3"}],"replies":[{"embeddable":true,"href":"https:\/\/saumaize-michelin.com\/index.php\/wp-json\/wp\/v2\/comments?post=1145"}],"version-history":[{"count":2,"href":"https:\/\/saumaize-michelin.com\/index.php\/wp-json\/wp\/v2\/pages\/1145\/revisions"}],"predecessor-version":[{"id":1148,"href":"https:\/\/saumaize-michelin.com\/index.php\/wp-json\/wp\/v2\/pages\/1145\/revisions\/1148"}],"wp:attachment":[{"href":"https:\/\/saumaize-michelin.com\/index.php\/wp-json\/wp\/v2\/media?parent=1145"}],"curies":[{"name":"wp","href":"https:\/\/api.w.org\/{rel}","templated":true}]}}