{"id":127,"date":"2016-05-25T09:21:07","date_gmt":"2016-05-25T07:21:07","guid":{"rendered":"http:\/\/saumaize-michelin.com\/?page_id=127"},"modified":"2023-12-20T10:38:25","modified_gmt":"2023-12-20T09:38:25","slug":"faconner","status":"publish","type":"page","link":"https:\/\/saumaize-michelin.com\/index.php\/fr\/faconner\/","title":{"rendered":"Notre Travail"},"content":{"rendered":"<div id=\"pl-127\"  class=\"panel-layout\" ><div id=\"pg-127-0\"  class=\"panel-grid panel-has-style\" ><div style=\"padding: 100px 0; \" data-overlay=\"true\" class=\"panel-row-style panel-row-style-for-127-0\" ><div id=\"pgc-127-0-0\"  class=\"panel-grid-cell\" ><div id=\"panel-127-0-0-0\" class=\"so-panel widget widget_sow-image panel-first-child\" data-index=\"0\" ><div\n\t\t\t\n\t\t\tclass=\"so-widget-sow-image so-widget-sow-image-default-113ccd71f3e6-127\"\n\t\t\t\n\t\t>\n<div class=\"sow-image-container\">\n\t\t<img \n\tsrc=\"https:\/\/i0.wp.com\/saumaize-michelin.com\/wp-content\/uploads\/2016\/05\/traitement.jpg?fit=1024%2C576&amp;ssl=1\" width=\"1024\" height=\"576\" srcset=\"https:\/\/i0.wp.com\/saumaize-michelin.com\/wp-content\/uploads\/2016\/05\/traitement.jpg?w=1200&amp;ssl=1 1200w, https:\/\/i0.wp.com\/saumaize-michelin.com\/wp-content\/uploads\/2016\/05\/traitement.jpg?resize=300%2C169&amp;ssl=1 300w, https:\/\/i0.wp.com\/saumaize-michelin.com\/wp-content\/uploads\/2016\/05\/traitement.jpg?resize=768%2C432&amp;ssl=1 768w, https:\/\/i0.wp.com\/saumaize-michelin.com\/wp-content\/uploads\/2016\/05\/traitement.jpg?resize=1024%2C576&amp;ssl=1 1024w\" title=\"Travail labourage\" alt=\"Travail de labourage dans les vignes par un cheval\" \t\tclass=\"so-widget-image\"\/>\n\t<\/div>\n\n<\/div><\/div><div id=\"panel-127-0-0-1\" class=\"so-panel widget widget_sow-image panel-last-child\" data-index=\"1\" ><div style=\"text-align: left;\" data-title-color=\"#443f3f\" data-headings-color=\"#443f3f\" class=\"panel-widget-style panel-widget-style-for-127-0-0-1\" ><div\n\t\t\t\n\t\t\tclass=\"so-widget-sow-image so-widget-sow-image-default-113ccd71f3e6-127\"\n\t\t\t\n\t\t>\n<div class=\"sow-image-container\">\n\t\t<img \n\tsrc=\"https:\/\/i0.wp.com\/saumaize-michelin.com\/wp-content\/uploads\/2020\/12\/rang-vigne-1.jpg?fit=1024%2C633&amp;ssl=1\" width=\"1024\" height=\"633\" srcset=\"https:\/\/i0.wp.com\/saumaize-michelin.com\/wp-content\/uploads\/2020\/12\/rang-vigne-1.jpg?w=2048&amp;ssl=1 2048w, https:\/\/i0.wp.com\/saumaize-michelin.com\/wp-content\/uploads\/2020\/12\/rang-vigne-1.jpg?resize=300%2C185&amp;ssl=1 300w, https:\/\/i0.wp.com\/saumaize-michelin.com\/wp-content\/uploads\/2020\/12\/rang-vigne-1.jpg?resize=1024%2C633&amp;ssl=1 1024w, https:\/\/i0.wp.com\/saumaize-michelin.com\/wp-content\/uploads\/2020\/12\/rang-vigne-1.jpg?resize=768%2C474&amp;ssl=1 768w, https:\/\/i0.wp.com\/saumaize-michelin.com\/wp-content\/uploads\/2020\/12\/rang-vigne-1.jpg?resize=1536%2C949&amp;ssl=1 1536w\" title=\"Travail labourage\" alt=\"Travail de labourage dans les vignes par un cheval\" \t\tclass=\"so-widget-image\"\/>\n\t<\/div>\n\n<\/div><\/div><\/div><\/div><div id=\"pgc-127-0-1\"  class=\"panel-grid-cell\" ><div id=\"panel-127-0-1-0\" class=\"so-panel widget widget_sow-editor panel-first-child panel-last-child\" data-index=\"2\" ><div style=\"text-align: left;\" data-title-color=\"#443f3f\" data-headings-color=\"#443f3f\" class=\"panel-widget-style panel-widget-style-for-127-0-1-0\" ><div\n\t\t\t\n\t\t\tclass=\"so-widget-sow-editor so-widget-sow-editor-base\"\n\t\t\t\n\t\t>\n<div class=\"siteorigin-widget-tinymce textwidget\">\n\t<h2>La philosophie du domaine<\/h2>\n<p>Le domaine \u00e0 toujours travaill\u00e9 ses sols. Depuis plus de 20 ans, la vigne est stimul\u00e9e dans ses d\u00e9fenses naturelles par des tisanes et pr\u00e9parations \u00e0 base de plantes et de min\u00e9raux.<\/p>\n<p>L'attachement \"terroir\" nous conduits \u00e0 porter une attention particuli\u00e8re \u00e0 l'entretien de la vie microbienne des sols et au d\u00e9veloppement de la diversit\u00e9 de la flore propre \u00e0 chaque parcelle. La ma\u00eetrise des rendements passe par la taille d'hiver et l'\u00e9bourgeonnage de printemps. La maturit\u00e9 est optimis\u00e9e gr\u00e2ce \u00e0 une s\u00e9rie d'interventions manuelles en \u00e9t\u00e9 (effeuillage) visant \u00e0 am\u00e9liorer l'ensoleillement et l'alimentation des raisins.<\/p>\n<\/div>\n<\/div><\/div><\/div><\/div><\/div><\/div><div id=\"pg-127-1\"  class=\"panel-grid panel-has-style\" ><div style=\"padding: 100px 0; \" data-overlay=\"true\" data-overlay-color=\"#000000\" class=\"panel-row-style panel-row-style-for-127-1\" ><div id=\"pgc-127-1-0\"  class=\"panel-grid-cell\" ><div id=\"panel-127-1-0-0\" class=\"so-panel widget widget_sow-image panel-first-child panel-last-child\" data-index=\"3\" ><div style=\"text-align: left;\" data-title-color=\"#443f3f\" data-headings-color=\"#443f3f\" class=\"panel-widget-style panel-widget-style-for-127-1-0-0\" ><div\n\t\t\t\n\t\t\tclass=\"so-widget-sow-image so-widget-sow-image-default-8b5b6f678277-127\"\n\t\t\t\n\t\t>\n<div class=\"sow-image-container\">\n\t\t<img \n\tsrc=\"https:\/\/i0.wp.com\/saumaize-michelin.com\/wp-content\/uploads\/2023\/12\/20221207_162100-scaled.jpg?fit=1920%2C2560&amp;ssl=1\" width=\"1920\" height=\"2560\" srcset=\"https:\/\/i0.wp.com\/saumaize-michelin.com\/wp-content\/uploads\/2023\/12\/20221207_162100-scaled.jpg?w=1920&amp;ssl=1 1920w, https:\/\/i0.wp.com\/saumaize-michelin.com\/wp-content\/uploads\/2023\/12\/20221207_162100-scaled.jpg?resize=225%2C300&amp;ssl=1 225w, https:\/\/i0.wp.com\/saumaize-michelin.com\/wp-content\/uploads\/2023\/12\/20221207_162100-scaled.jpg?resize=768%2C1024&amp;ssl=1 768w, https:\/\/i0.wp.com\/saumaize-michelin.com\/wp-content\/uploads\/2023\/12\/20221207_162100-scaled.jpg?resize=1152%2C1536&amp;ssl=1 1152w, https:\/\/i0.wp.com\/saumaize-michelin.com\/wp-content\/uploads\/2023\/12\/20221207_162100-scaled.jpg?resize=1536%2C2048&amp;ssl=1 1536w, https:\/\/i0.wp.com\/saumaize-michelin.com\/wp-content\/uploads\/2023\/12\/20221207_162100-scaled.jpg?resize=1000%2C1333&amp;ssl=1 1000w, https:\/\/i0.wp.com\/saumaize-michelin.com\/wp-content\/uploads\/2023\/12\/20221207_162100-scaled.jpg?resize=230%2C307&amp;ssl=1 230w, https:\/\/i0.wp.com\/saumaize-michelin.com\/wp-content\/uploads\/2023\/12\/20221207_162100-scaled.jpg?resize=350%2C467&amp;ssl=1 350w, https:\/\/i0.wp.com\/saumaize-michelin.com\/wp-content\/uploads\/2023\/12\/20221207_162100-scaled.jpg?resize=480%2C640&amp;ssl=1 480w\" title=\"20221207_162100\" alt=\"\" \t\tclass=\"so-widget-image\"\/>\n\t<\/div>\n\n<\/div><\/div><\/div><\/div><div id=\"pgc-127-1-1\"  class=\"panel-grid-cell\" ><div id=\"panel-127-1-1-0\" class=\"so-panel widget widget_sow-editor panel-first-child panel-last-child\" data-index=\"4\" ><div style=\"text-align: left;\" data-title-color=\"#443f3f\" data-headings-color=\"#443f3f\" class=\"panel-widget-style panel-widget-style-for-127-1-1-0\" ><div\n\t\t\t\n\t\t\tclass=\"so-widget-sow-editor so-widget-sow-editor-base\"\n\t\t\t\n\t\t>\n<div class=\"siteorigin-widget-tinymce textwidget\">\n\t<h2>Le Vignoble:<\/h2>\n<p>La rencontre dans les ann\u00e9es 2000 avec Pierre Masson a \u00e9t\u00e9 bouleversante pour roger et d\u00e9terminante pour le domaine car le domaine est pass\u00e9 a une viticulture biodynamique toute fois non certifi\u00e9 car c'est avant tous le reflet de votre \u00e9thique et de notre philosophie avant d'\u00eatre un label.<\/p>\n<p>La biodynamie c'est beaucoup de sensibilit\u00e9, ca se passe dans la t\u00eate et par les 5 sens. Il ne faut pas \u00eatre extr\u00e9miste ni intol\u00e9rant, surtout avec le changement climatique qui est entrain de s'op\u00e9rer. Nous exp\u00e9rimentons les couverts v\u00e9g\u00e9taux et le labour a cheval sur nos sols \"sensibles\"<\/p>\n<\/div>\n<\/div><\/div><\/div><\/div><\/div><\/div><div id=\"pg-127-2\"  class=\"panel-grid panel-has-style\" ><div style=\"padding: 100px 0; \" data-overlay=\"true\" class=\"panel-row-style panel-row-style-for-127-2\" ><div id=\"pgc-127-2-0\"  class=\"panel-grid-cell\" ><div id=\"panel-127-2-0-0\" class=\"so-panel widget widget_sow-image panel-first-child\" data-index=\"5\" ><div\n\t\t\t\n\t\t\tclass=\"so-widget-sow-image so-widget-sow-image-default-113ccd71f3e6-127\"\n\t\t\t\n\t\t>\n<div class=\"sow-image-container\">\n\t\t<img \n\tsrc=\"https:\/\/i0.wp.com\/saumaize-michelin.com\/wp-content\/uploads\/2020\/12\/main-roger-grappe.jpg?fit=1024%2C633&amp;ssl=1\" width=\"1024\" height=\"633\" srcset=\"https:\/\/i0.wp.com\/saumaize-michelin.com\/wp-content\/uploads\/2020\/12\/main-roger-grappe.jpg?w=2048&amp;ssl=1 2048w, https:\/\/i0.wp.com\/saumaize-michelin.com\/wp-content\/uploads\/2020\/12\/main-roger-grappe.jpg?resize=300%2C185&amp;ssl=1 300w, https:\/\/i0.wp.com\/saumaize-michelin.com\/wp-content\/uploads\/2020\/12\/main-roger-grappe.jpg?resize=1024%2C633&amp;ssl=1 1024w, https:\/\/i0.wp.com\/saumaize-michelin.com\/wp-content\/uploads\/2020\/12\/main-roger-grappe.jpg?resize=768%2C474&amp;ssl=1 768w, https:\/\/i0.wp.com\/saumaize-michelin.com\/wp-content\/uploads\/2020\/12\/main-roger-grappe.jpg?resize=1536%2C949&amp;ssl=1 1536w\" title=\"Traitement de la vigne par Roger Saumaize\" alt=\"\" \t\tclass=\"so-widget-image\"\/>\n\t<\/div>\n\n<\/div><\/div><div id=\"panel-127-2-0-1\" class=\"so-panel widget widget_sow-image\" data-index=\"6\" ><div style=\"text-align: left;\" data-title-color=\"#443f3f\" data-headings-color=\"#443f3f\" class=\"panel-widget-style panel-widget-style-for-127-2-0-1\" ><div\n\t\t\t\n\t\t\tclass=\"so-widget-sow-image so-widget-sow-image-default-113ccd71f3e6-127\"\n\t\t\t\n\t\t>\n<div class=\"sow-image-container\">\n\t\t<img \n\tsrc=\"https:\/\/i0.wp.com\/saumaize-michelin.com\/wp-content\/uploads\/2023\/12\/DSF3330-scaled.jpg?fit=1024%2C687&amp;ssl=1\" width=\"1024\" height=\"687\" srcset=\"https:\/\/i0.wp.com\/saumaize-michelin.com\/wp-content\/uploads\/2023\/12\/DSF3330-scaled.jpg?w=2560&amp;ssl=1 2560w, https:\/\/i0.wp.com\/saumaize-michelin.com\/wp-content\/uploads\/2023\/12\/DSF3330-scaled.jpg?resize=300%2C201&amp;ssl=1 300w, https:\/\/i0.wp.com\/saumaize-michelin.com\/wp-content\/uploads\/2023\/12\/DSF3330-scaled.jpg?resize=1024%2C687&amp;ssl=1 1024w, https:\/\/i0.wp.com\/saumaize-michelin.com\/wp-content\/uploads\/2023\/12\/DSF3330-scaled.jpg?resize=768%2C515&amp;ssl=1 768w, https:\/\/i0.wp.com\/saumaize-michelin.com\/wp-content\/uploads\/2023\/12\/DSF3330-scaled.jpg?resize=1536%2C1030&amp;ssl=1 1536w, https:\/\/i0.wp.com\/saumaize-michelin.com\/wp-content\/uploads\/2023\/12\/DSF3330-scaled.jpg?resize=2048%2C1373&amp;ssl=1 2048w, https:\/\/i0.wp.com\/saumaize-michelin.com\/wp-content\/uploads\/2023\/12\/DSF3330-scaled.jpg?resize=1000%2C670&amp;ssl=1 1000w, https:\/\/i0.wp.com\/saumaize-michelin.com\/wp-content\/uploads\/2023\/12\/DSF3330-scaled.jpg?resize=230%2C154&amp;ssl=1 230w, https:\/\/i0.wp.com\/saumaize-michelin.com\/wp-content\/uploads\/2023\/12\/DSF3330-scaled.jpg?resize=350%2C235&amp;ssl=1 350w, https:\/\/i0.wp.com\/saumaize-michelin.com\/wp-content\/uploads\/2023\/12\/DSF3330-scaled.jpg?resize=480%2C322&amp;ssl=1 480w, https:\/\/i0.wp.com\/saumaize-michelin.com\/wp-content\/uploads\/2023\/12\/DSF3330-scaled.jpg?resize=272%2C182&amp;ssl=1 272w, https:\/\/i0.wp.com\/saumaize-michelin.com\/wp-content\/uploads\/2023\/12\/DSF3330-scaled.jpg?w=2340&amp;ssl=1 2340w\" title=\"Traitement de la vigne par Roger Saumaize\" alt=\"\" \t\tclass=\"so-widget-image\"\/>\n\t<\/div>\n\n<\/div><\/div><\/div><div id=\"panel-127-2-0-2\" class=\"so-panel widget widget_sow-image\" data-index=\"7\" ><div style=\"text-align: left;\" data-title-color=\"#443f3f\" data-headings-color=\"#443f3f\" class=\"panel-widget-style panel-widget-style-for-127-2-0-2\" ><div\n\t\t\t\n\t\t\tclass=\"so-widget-sow-image so-widget-sow-image-default-113ccd71f3e6-127\"\n\t\t\t\n\t\t>\n<div class=\"sow-image-container\">\n\t\t<img \n\tsrc=\"https:\/\/i0.wp.com\/saumaize-michelin.com\/wp-content\/uploads\/2020\/05\/Viamo-Saumaize-Michelin_74A1424-\u00aeantoninbonnet.com_.jpg?fit=683%2C1024&amp;ssl=1\" width=\"683\" height=\"1024\" srcset=\"https:\/\/i0.wp.com\/saumaize-michelin.com\/wp-content\/uploads\/2020\/05\/Viamo-Saumaize-Michelin_74A1424-\u00aeantoninbonnet.com_.jpg?w=1280&amp;ssl=1 1280w, https:\/\/i0.wp.com\/saumaize-michelin.com\/wp-content\/uploads\/2020\/05\/Viamo-Saumaize-Michelin_74A1424-\u00aeantoninbonnet.com_.jpg?resize=200%2C300&amp;ssl=1 200w, https:\/\/i0.wp.com\/saumaize-michelin.com\/wp-content\/uploads\/2020\/05\/Viamo-Saumaize-Michelin_74A1424-\u00aeantoninbonnet.com_.jpg?resize=683%2C1024&amp;ssl=1 683w, https:\/\/i0.wp.com\/saumaize-michelin.com\/wp-content\/uploads\/2020\/05\/Viamo-Saumaize-Michelin_74A1424-\u00aeantoninbonnet.com_.jpg?resize=768%2C1152&amp;ssl=1 768w, https:\/\/i0.wp.com\/saumaize-michelin.com\/wp-content\/uploads\/2020\/05\/Viamo-Saumaize-Michelin_74A1424-\u00aeantoninbonnet.com_.jpg?resize=1024%2C1536&amp;ssl=1 1024w, https:\/\/i0.wp.com\/saumaize-michelin.com\/wp-content\/uploads\/2020\/05\/Viamo-Saumaize-Michelin_74A1424-\u00aeantoninbonnet.com_.jpg?resize=830%2C1245&amp;ssl=1 830w, https:\/\/i0.wp.com\/saumaize-michelin.com\/wp-content\/uploads\/2020\/05\/Viamo-Saumaize-Michelin_74A1424-\u00aeantoninbonnet.com_.jpg?resize=230%2C345&amp;ssl=1 230w, https:\/\/i0.wp.com\/saumaize-michelin.com\/wp-content\/uploads\/2020\/05\/Viamo-Saumaize-Michelin_74A1424-\u00aeantoninbonnet.com_.jpg?resize=350%2C525&amp;ssl=1 350w, https:\/\/i0.wp.com\/saumaize-michelin.com\/wp-content\/uploads\/2020\/05\/Viamo-Saumaize-Michelin_74A1424-\u00aeantoninbonnet.com_.jpg?resize=480%2C720&amp;ssl=1 480w\" title=\"Traitement de la vigne par Roger Saumaize\" alt=\"\" \t\tclass=\"so-widget-image\"\/>\n\t<\/div>\n\n<\/div><\/div><\/div><div id=\"panel-127-2-0-3\" class=\"so-panel widget widget_sow-image panel-last-child\" data-index=\"8\" ><div style=\"text-align: left;\" data-title-color=\"#443f3f\" data-headings-color=\"#443f3f\" class=\"panel-widget-style panel-widget-style-for-127-2-0-3\" ><div\n\t\t\t\n\t\t\tclass=\"so-widget-sow-image so-widget-sow-image-default-113ccd71f3e6-127\"\n\t\t\t\n\t\t>\n<div class=\"sow-image-container\">\n\t\t<img \n\tsrc=\"https:\/\/i0.wp.com\/saumaize-michelin.com\/wp-content\/uploads\/2020\/05\/Viamo-Saumaize-Michelin_74A1456-\u00aeantoninbonnet.com_.jpg?fit=1024%2C683&amp;ssl=1\" width=\"1024\" height=\"683\" srcset=\"https:\/\/i0.wp.com\/saumaize-michelin.com\/wp-content\/uploads\/2020\/05\/Viamo-Saumaize-Michelin_74A1456-\u00aeantoninbonnet.com_.jpg?w=1920&amp;ssl=1 1920w, https:\/\/i0.wp.com\/saumaize-michelin.com\/wp-content\/uploads\/2020\/05\/Viamo-Saumaize-Michelin_74A1456-\u00aeantoninbonnet.com_.jpg?resize=300%2C200&amp;ssl=1 300w, https:\/\/i0.wp.com\/saumaize-michelin.com\/wp-content\/uploads\/2020\/05\/Viamo-Saumaize-Michelin_74A1456-\u00aeantoninbonnet.com_.jpg?resize=1024%2C683&amp;ssl=1 1024w, https:\/\/i0.wp.com\/saumaize-michelin.com\/wp-content\/uploads\/2020\/05\/Viamo-Saumaize-Michelin_74A1456-\u00aeantoninbonnet.com_.jpg?resize=768%2C512&amp;ssl=1 768w, https:\/\/i0.wp.com\/saumaize-michelin.com\/wp-content\/uploads\/2020\/05\/Viamo-Saumaize-Michelin_74A1456-\u00aeantoninbonnet.com_.jpg?resize=1536%2C1024&amp;ssl=1 1536w, https:\/\/i0.wp.com\/saumaize-michelin.com\/wp-content\/uploads\/2020\/05\/Viamo-Saumaize-Michelin_74A1456-\u00aeantoninbonnet.com_.jpg?resize=830%2C553&amp;ssl=1 830w, https:\/\/i0.wp.com\/saumaize-michelin.com\/wp-content\/uploads\/2020\/05\/Viamo-Saumaize-Michelin_74A1456-\u00aeantoninbonnet.com_.jpg?resize=230%2C153&amp;ssl=1 230w, https:\/\/i0.wp.com\/saumaize-michelin.com\/wp-content\/uploads\/2020\/05\/Viamo-Saumaize-Michelin_74A1456-\u00aeantoninbonnet.com_.jpg?resize=350%2C233&amp;ssl=1 350w, https:\/\/i0.wp.com\/saumaize-michelin.com\/wp-content\/uploads\/2020\/05\/Viamo-Saumaize-Michelin_74A1456-\u00aeantoninbonnet.com_.jpg?resize=480%2C320&amp;ssl=1 480w, https:\/\/i0.wp.com\/saumaize-michelin.com\/wp-content\/uploads\/2020\/05\/Viamo-Saumaize-Michelin_74A1456-\u00aeantoninbonnet.com_.jpg?resize=272%2C182&amp;ssl=1 272w\" title=\"Traitement de la vigne par Roger Saumaize\" alt=\"\" \t\tclass=\"so-widget-image\"\/>\n\t<\/div>\n\n<\/div><\/div><\/div><\/div><div id=\"pgc-127-2-1\"  class=\"panel-grid-cell\" ><div id=\"panel-127-2-1-0\" class=\"so-panel widget widget_sow-editor panel-first-child\" data-index=\"9\" ><div style=\"text-align: left;\" data-title-color=\"#443f3f\" data-headings-color=\"#443f3f\" class=\"panel-widget-style panel-widget-style-for-127-2-1-0\" ><div\n\t\t\t\n\t\t\tclass=\"so-widget-sow-editor so-widget-sow-editor-base\"\n\t\t\t\n\t\t>\n<div class=\"siteorigin-widget-tinymce textwidget\">\n\t<h2>Vendange et vinification<\/h2>\n<p>Les vendanges sont r\u00e9alis\u00e9es manuellement sur la totalit\u00e9 du domaine. Nous commen\u00e7ons \u00e0 5h du matin, \u00e0 la frontale, pour \u00e9viter les chaleurs et avoir un raisin le plus frais possible.<br \/>\nLes raisins sont coup\u00e9s \u00e0 maturit\u00e9 optimum en \u00e9vitant la sur-maturit\u00e9. Nous essayons d'affiner la date de d\u00e9but de vendange jusqu'au dernier moment.<br \/>\nSuivant le mill\u00e9sime ou la parcelle, plusieurs passages peuvent \u00eatre r\u00e9alis\u00e9s.<\/p>\n<p>Ceci \u00e9tant, notre vignoble est tellement morcel\u00e9, qu'en jonglant avec les diff\u00e9rentes parcelles pr\u00e9coces et tardives, nous n'avons pas besoin de nous arr\u00eater.<br \/>\nAu chai, on chercher a travailler la peau. car en blanc comme dans le rouge, beaucoup d'\u00e9l\u00e9ment se trouve dans la peau. On foule le raisin, on cherche \u00e0 \u00e9clater les grains pour avoir un \u00e9change entre le liquide et le solide.<\/p>\n<p>Le pressurage se fait lentement, sans trituration dans deux pressoirs pneumatiques. Les presses sont s\u00e9par\u00e9es en fonction du densim\u00e8tre (alcool probable) et du PhM\u00e8tre (acidit\u00e9) . Un d\u00e9bourbage (24h) l\u00e8g\u00e9 pour garder les levures, la nourriture des levures et tous les \u00e9l\u00e9ments qui constitue le vin. Apr\u00e8s les jus sont enf\u00fbt\u00e9s, les vins fermentent directement en pi\u00e8ces bourguignonnes ainsi que la fermentation malolactique.<\/p>\n<p>L'\u00e9levage dure environs 12 mois en veillant \u00e0 ne jamais exc\u00e9d\u00e9 10% de futs neufs pour ne pas alourdir nos vins qui deviennent de plus en plus riche suite au changement climatique qui nous donne des raisins tr\u00e8s riche en sucre mais de moins en moins en acidit\u00e9.<\/p>\n<p>Pour garder la tensions dans les vins, nous exp\u00e9rimentons, le b\u00e9ton, l'\u00e9maille et les bonnes en verre. Mais surtouts pas d'inox!<\/p>\n<p>Il est r\u00e9alis\u00e9 sur lies fines avec un l\u00e8g\u00e9 b\u00e2tonnage. Les vins sont coll\u00e9s \u00e0 la bentonite mais sauf exception, non filtr\u00e9s.<\/p>\n<p>Depuis 1987, le domaine r\u00e9alise lui-m\u00eame ses mises en bouteilles lorsqu'il estime que le vin est pr\u00eat et suivant le calendrier lunaire.<\/p>\n<\/div>\n<\/div><\/div><\/div><div id=\"panel-127-2-1-1\" class=\"so-panel widget widget_sow-editor panel-last-child\" data-index=\"10\" ><div style=\"text-align: left;\" data-title-color=\"#443f3f\" data-headings-color=\"#443f3f\" class=\"panel-widget-style panel-widget-style-for-127-2-1-1\" ><div\n\t\t\t\n\t\t\tclass=\"so-widget-sow-editor so-widget-sow-editor-base\"\n\t\t\t\n\t\t>\n<div class=\"siteorigin-widget-tinymce textwidget\">\n\t<h2>Article \"Vignerons coupe de Coeur\" 2023 PDF<\/h2>\n<p><a href=\"https:\/\/saumaize-michelin.com\/wp-content\/uploads\/2023\/12\/Vignerons-coupe-de-Coeur-SAUMAIZE-MICHELIN-Bourgogne-aujourdhui-.pdf\">Vignerons coupe de Coeur SAUMAIZE MICHELIN Bourgogne aujourd'hui<\/a><\/p>\n<\/div>\n<\/div><\/div><\/div><\/div><\/div><\/div><\/div>","protected":false},"excerpt":{"rendered":"<p>La philosophie du domaine Le domaine \u00e0 toujours travaill\u00e9 ses sols. Depuis plus de 20 ans, la vigne est stimul\u00e9e dans ses [&hellip;]<\/p>\n","protected":false},"author":3,"featured_media":0,"parent":0,"menu_order":0,"comment_status":"closed","ping_status":"closed","template":"","meta":{"footnotes":""},"jetpack_sharing_enabled":true,"_links":{"self":[{"href":"https:\/\/saumaize-michelin.com\/index.php\/wp-json\/wp\/v2\/pages\/127"}],"collection":[{"href":"https:\/\/saumaize-michelin.com\/index.php\/wp-json\/wp\/v2\/pages"}],"about":[{"href":"https:\/\/saumaize-michelin.com\/index.php\/wp-json\/wp\/v2\/types\/page"}],"author":[{"embeddable":true,"href":"https:\/\/saumaize-michelin.com\/index.php\/wp-json\/wp\/v2\/users\/3"}],"replies":[{"embeddable":true,"href":"https:\/\/saumaize-michelin.com\/index.php\/wp-json\/wp\/v2\/comments?post=127"}],"version-history":[{"count":22,"href":"https:\/\/saumaize-michelin.com\/index.php\/wp-json\/wp\/v2\/pages\/127\/revisions"}],"predecessor-version":[{"id":1199,"href":"https:\/\/saumaize-michelin.com\/index.php\/wp-json\/wp\/v2\/pages\/127\/revisions\/1199"}],"wp:attachment":[{"href":"https:\/\/saumaize-michelin.com\/index.php\/wp-json\/wp\/v2\/media?parent=127"}],"curies":[{"name":"wp","href":"https:\/\/api.w.org\/{rel}","templated":true}]}}