{"id":24,"date":"2016-05-23T10:02:31","date_gmt":"2016-05-23T08:02:31","guid":{"rendered":"http:\/\/saumaize-michelin.com\/?page_id=24"},"modified":"2023-12-19T18:41:38","modified_gmt":"2023-12-19T17:41:38","slug":"pouilly-fuisse","status":"publish","type":"page","link":"https:\/\/saumaize-michelin.com\/index.php\/fr\/deguster-macon-village-saint-veran-pouilly-fuisse-chardonnay-gamay-saumaize-michelin-vergisson-vin-de-bourgogne\/pouilly-fuisse\/","title":{"rendered":"Nos Pouilly-Fuiss\u00e9"},"content":{"rendered":"\n<figure class=\"wp-block-gallery has-nested-images columns-3 is-cropped wp-block-gallery-1 is-layout-flex wp-block-gallery-is-layout-flex\">\n<figure class=\"wp-block-image size-large\"><img loading=\"lazy\" decoding=\"async\" width=\"683\" height=\"1024\" data-id=\"879\" src=\"https:\/\/i0.wp.com\/saumaize-michelin.com\/wp-content\/uploads\/2020\/05\/saumaize-michelein-pouilly-fuisse-clos-sur-la-roche-2.jpg?resize=683%2C1024&#038;ssl=1\" alt=\"\" class=\"wp-image-879\" srcset=\"https:\/\/i0.wp.com\/saumaize-michelin.com\/wp-content\/uploads\/2020\/05\/saumaize-michelein-pouilly-fuisse-clos-sur-la-roche-2-scaled.jpg?resize=683%2C1024&amp;ssl=1 683w, https:\/\/i0.wp.com\/saumaize-michelin.com\/wp-content\/uploads\/2020\/05\/saumaize-michelein-pouilly-fuisse-clos-sur-la-roche-2-scaled.jpg?resize=200%2C300&amp;ssl=1 200w, https:\/\/i0.wp.com\/saumaize-michelin.com\/wp-content\/uploads\/2020\/05\/saumaize-michelein-pouilly-fuisse-clos-sur-la-roche-2-scaled.jpg?resize=768%2C1151&amp;ssl=1 768w, https:\/\/i0.wp.com\/saumaize-michelin.com\/wp-content\/uploads\/2020\/05\/saumaize-michelein-pouilly-fuisse-clos-sur-la-roche-2-scaled.jpg?resize=1025%2C1536&amp;ssl=1 1025w, https:\/\/i0.wp.com\/saumaize-michelin.com\/wp-content\/uploads\/2020\/05\/saumaize-michelein-pouilly-fuisse-clos-sur-la-roche-2-scaled.jpg?resize=1367%2C2048&amp;ssl=1 1367w, https:\/\/i0.wp.com\/saumaize-michelin.com\/wp-content\/uploads\/2020\/05\/saumaize-michelein-pouilly-fuisse-clos-sur-la-roche-2-scaled.jpg?resize=830%2C1244&amp;ssl=1 830w, https:\/\/i0.wp.com\/saumaize-michelin.com\/wp-content\/uploads\/2020\/05\/saumaize-michelein-pouilly-fuisse-clos-sur-la-roche-2-scaled.jpg?resize=230%2C345&amp;ssl=1 230w, https:\/\/i0.wp.com\/saumaize-michelin.com\/wp-content\/uploads\/2020\/05\/saumaize-michelein-pouilly-fuisse-clos-sur-la-roche-2-scaled.jpg?resize=350%2C524&amp;ssl=1 350w, https:\/\/i0.wp.com\/saumaize-michelin.com\/wp-content\/uploads\/2020\/05\/saumaize-michelein-pouilly-fuisse-clos-sur-la-roche-2-scaled.jpg?resize=480%2C719&amp;ssl=1 480w, https:\/\/i0.wp.com\/saumaize-michelin.com\/wp-content\/uploads\/2020\/05\/saumaize-michelein-pouilly-fuisse-clos-sur-la-roche-2-scaled.jpg?w=1709&amp;ssl=1 1709w\" sizes=\"(max-width: 683px) 100vw, 683px\" data-recalc-dims=\"1\" \/><figcaption class=\"wp-element-caption\"><a href=\"https:\/\/saumaize-michelin.com\/index.php\/deguster\/pouilly-fuisse\/la-roche\/\">Sur la Roche 1er Cru<\/a><\/figcaption><\/figure>\n\n\n\n<figure class=\"wp-block-image size-large\"><img loading=\"lazy\" decoding=\"async\" width=\"683\" height=\"1024\" data-id=\"880\" src=\"https:\/\/i0.wp.com\/saumaize-michelin.com\/wp-content\/uploads\/2020\/05\/saumaize-michelein-pouilly-fuisse-la-marechaude-2.jpg?resize=683%2C1024&#038;ssl=1\" alt=\"\" class=\"wp-image-880\" srcset=\"https:\/\/i0.wp.com\/saumaize-michelin.com\/wp-content\/uploads\/2020\/05\/saumaize-michelein-pouilly-fuisse-la-marechaude-2-scaled.jpg?resize=683%2C1024&amp;ssl=1 683w, https:\/\/i0.wp.com\/saumaize-michelin.com\/wp-content\/uploads\/2020\/05\/saumaize-michelein-pouilly-fuisse-la-marechaude-2-scaled.jpg?resize=200%2C300&amp;ssl=1 200w, https:\/\/i0.wp.com\/saumaize-michelin.com\/wp-content\/uploads\/2020\/05\/saumaize-michelein-pouilly-fuisse-la-marechaude-2-scaled.jpg?resize=768%2C1151&amp;ssl=1 768w, https:\/\/i0.wp.com\/saumaize-michelin.com\/wp-content\/uploads\/2020\/05\/saumaize-michelein-pouilly-fuisse-la-marechaude-2-scaled.jpg?resize=1025%2C1536&amp;ssl=1 1025w, https:\/\/i0.wp.com\/saumaize-michelin.com\/wp-content\/uploads\/2020\/05\/saumaize-michelein-pouilly-fuisse-la-marechaude-2-scaled.jpg?resize=1367%2C2048&amp;ssl=1 1367w, https:\/\/i0.wp.com\/saumaize-michelin.com\/wp-content\/uploads\/2020\/05\/saumaize-michelein-pouilly-fuisse-la-marechaude-2-scaled.jpg?resize=830%2C1244&amp;ssl=1 830w, https:\/\/i0.wp.com\/saumaize-michelin.com\/wp-content\/uploads\/2020\/05\/saumaize-michelein-pouilly-fuisse-la-marechaude-2-scaled.jpg?resize=230%2C345&amp;ssl=1 230w, https:\/\/i0.wp.com\/saumaize-michelin.com\/wp-content\/uploads\/2020\/05\/saumaize-michelein-pouilly-fuisse-la-marechaude-2-scaled.jpg?resize=350%2C524&amp;ssl=1 350w, https:\/\/i0.wp.com\/saumaize-michelin.com\/wp-content\/uploads\/2020\/05\/saumaize-michelein-pouilly-fuisse-la-marechaude-2-scaled.jpg?resize=480%2C719&amp;ssl=1 480w, https:\/\/i0.wp.com\/saumaize-michelin.com\/wp-content\/uploads\/2020\/05\/saumaize-michelein-pouilly-fuisse-la-marechaude-2-scaled.jpg?w=1709&amp;ssl=1 1709w\" sizes=\"(max-width: 683px) 100vw, 683px\" data-recalc-dims=\"1\" \/><figcaption class=\"wp-element-caption\"><a href=\"https:\/\/saumaize-michelin.com\/index.php\/deguster\/pouilly-fuisse\/la-maree-chaude\/\">La Mar\u00e9cahude 1er Cru <\/a><\/figcaption><\/figure>\n\n\n\n<figure class=\"wp-block-image size-large\"><img loading=\"lazy\" decoding=\"async\" width=\"683\" height=\"1024\" data-id=\"881\" src=\"https:\/\/i0.wp.com\/saumaize-michelin.com\/wp-content\/uploads\/2020\/05\/saumaize-michelein-pouilly-fuisse-le-haut-des-crays-2.jpg?resize=683%2C1024&#038;ssl=1\" alt=\"\" class=\"wp-image-881\" srcset=\"https:\/\/i0.wp.com\/saumaize-michelin.com\/wp-content\/uploads\/2020\/05\/saumaize-michelein-pouilly-fuisse-le-haut-des-crays-2-scaled.jpg?resize=683%2C1024&amp;ssl=1 683w, https:\/\/i0.wp.com\/saumaize-michelin.com\/wp-content\/uploads\/2020\/05\/saumaize-michelein-pouilly-fuisse-le-haut-des-crays-2-scaled.jpg?resize=200%2C300&amp;ssl=1 200w, https:\/\/i0.wp.com\/saumaize-michelin.com\/wp-content\/uploads\/2020\/05\/saumaize-michelein-pouilly-fuisse-le-haut-des-crays-2-scaled.jpg?resize=768%2C1151&amp;ssl=1 768w, https:\/\/i0.wp.com\/saumaize-michelin.com\/wp-content\/uploads\/2020\/05\/saumaize-michelein-pouilly-fuisse-le-haut-des-crays-2-scaled.jpg?resize=1025%2C1536&amp;ssl=1 1025w, https:\/\/i0.wp.com\/saumaize-michelin.com\/wp-content\/uploads\/2020\/05\/saumaize-michelein-pouilly-fuisse-le-haut-des-crays-2-scaled.jpg?resize=1367%2C2048&amp;ssl=1 1367w, https:\/\/i0.wp.com\/saumaize-michelin.com\/wp-content\/uploads\/2020\/05\/saumaize-michelein-pouilly-fuisse-le-haut-des-crays-2-scaled.jpg?resize=830%2C1244&amp;ssl=1 830w, https:\/\/i0.wp.com\/saumaize-michelin.com\/wp-content\/uploads\/2020\/05\/saumaize-michelein-pouilly-fuisse-le-haut-des-crays-2-scaled.jpg?resize=230%2C345&amp;ssl=1 230w, https:\/\/i0.wp.com\/saumaize-michelin.com\/wp-content\/uploads\/2020\/05\/saumaize-michelein-pouilly-fuisse-le-haut-des-crays-2-scaled.jpg?resize=350%2C524&amp;ssl=1 350w, https:\/\/i0.wp.com\/saumaize-michelin.com\/wp-content\/uploads\/2020\/05\/saumaize-michelein-pouilly-fuisse-le-haut-des-crays-2-scaled.jpg?resize=480%2C719&amp;ssl=1 480w, https:\/\/i0.wp.com\/saumaize-michelin.com\/wp-content\/uploads\/2020\/05\/saumaize-michelein-pouilly-fuisse-le-haut-des-crays-2-scaled.jpg?w=1709&amp;ssl=1 1709w\" sizes=\"(max-width: 683px) 100vw, 683px\" data-recalc-dims=\"1\" \/><figcaption class=\"wp-element-caption\"><a href=\"https:\/\/saumaize-michelin.com\/index.php\/deguster\/pouilly-fuisse\/hauts-de-crays\/\">Les Crays 1er Cru<\/a><\/figcaption><\/figure>\n\n\n\n<figure class=\"wp-block-image size-large\"><img loading=\"lazy\" decoding=\"async\" width=\"683\" height=\"1024\" data-id=\"882\" src=\"https:\/\/i0.wp.com\/saumaize-michelin.com\/wp-content\/uploads\/2020\/05\/saumaize-michelein-pouilly-fuisse-les-courtelongs-2.jpg?resize=683%2C1024&#038;ssl=1\" alt=\"\" class=\"wp-image-882\" srcset=\"https:\/\/i0.wp.com\/saumaize-michelin.com\/wp-content\/uploads\/2020\/05\/saumaize-michelein-pouilly-fuisse-les-courtelongs-2-scaled.jpg?resize=683%2C1024&amp;ssl=1 683w, https:\/\/i0.wp.com\/saumaize-michelin.com\/wp-content\/uploads\/2020\/05\/saumaize-michelein-pouilly-fuisse-les-courtelongs-2-scaled.jpg?resize=200%2C300&amp;ssl=1 200w, https:\/\/i0.wp.com\/saumaize-michelin.com\/wp-content\/uploads\/2020\/05\/saumaize-michelein-pouilly-fuisse-les-courtelongs-2-scaled.jpg?resize=768%2C1151&amp;ssl=1 768w, https:\/\/i0.wp.com\/saumaize-michelin.com\/wp-content\/uploads\/2020\/05\/saumaize-michelein-pouilly-fuisse-les-courtelongs-2-scaled.jpg?resize=1025%2C1536&amp;ssl=1 1025w, https:\/\/i0.wp.com\/saumaize-michelin.com\/wp-content\/uploads\/2020\/05\/saumaize-michelein-pouilly-fuisse-les-courtelongs-2-scaled.jpg?resize=1367%2C2048&amp;ssl=1 1367w, https:\/\/i0.wp.com\/saumaize-michelin.com\/wp-content\/uploads\/2020\/05\/saumaize-michelein-pouilly-fuisse-les-courtelongs-2-scaled.jpg?resize=830%2C1244&amp;ssl=1 830w, https:\/\/i0.wp.com\/saumaize-michelin.com\/wp-content\/uploads\/2020\/05\/saumaize-michelein-pouilly-fuisse-les-courtelongs-2-scaled.jpg?resize=230%2C345&amp;ssl=1 230w, https:\/\/i0.wp.com\/saumaize-michelin.com\/wp-content\/uploads\/2020\/05\/saumaize-michelein-pouilly-fuisse-les-courtelongs-2-scaled.jpg?resize=350%2C524&amp;ssl=1 350w, https:\/\/i0.wp.com\/saumaize-michelin.com\/wp-content\/uploads\/2020\/05\/saumaize-michelein-pouilly-fuisse-les-courtelongs-2-scaled.jpg?resize=480%2C719&amp;ssl=1 480w, https:\/\/i0.wp.com\/saumaize-michelin.com\/wp-content\/uploads\/2020\/05\/saumaize-michelein-pouilly-fuisse-les-courtelongs-2-scaled.jpg?w=1709&amp;ssl=1 1709w\" sizes=\"(max-width: 683px) 100vw, 683px\" data-recalc-dims=\"1\" \/><figcaption class=\"wp-element-caption\"><a href=\"https:\/\/saumaize-michelin.com\/index.php\/deguster\/pouilly-fuisse\/courtelongs\/\">Les Courtelongs<\/a><\/figcaption><\/figure>\n\n\n\n<figure class=\"wp-block-image size-large\"><img loading=\"lazy\" decoding=\"async\" width=\"683\" height=\"1024\" data-id=\"883\" src=\"https:\/\/i0.wp.com\/saumaize-michelin.com\/wp-content\/uploads\/2020\/05\/saumaize-michelein-pouilly-fuisse-les-ronchevats-2.jpg?resize=683%2C1024&#038;ssl=1\" alt=\"\" class=\"wp-image-883\" srcset=\"https:\/\/i0.wp.com\/saumaize-michelin.com\/wp-content\/uploads\/2020\/05\/saumaize-michelein-pouilly-fuisse-les-ronchevats-2-scaled.jpg?resize=683%2C1024&amp;ssl=1 683w, https:\/\/i0.wp.com\/saumaize-michelin.com\/wp-content\/uploads\/2020\/05\/saumaize-michelein-pouilly-fuisse-les-ronchevats-2-scaled.jpg?resize=200%2C300&amp;ssl=1 200w, https:\/\/i0.wp.com\/saumaize-michelin.com\/wp-content\/uploads\/2020\/05\/saumaize-michelein-pouilly-fuisse-les-ronchevats-2-scaled.jpg?resize=768%2C1151&amp;ssl=1 768w, https:\/\/i0.wp.com\/saumaize-michelin.com\/wp-content\/uploads\/2020\/05\/saumaize-michelein-pouilly-fuisse-les-ronchevats-2-scaled.jpg?resize=1025%2C1536&amp;ssl=1 1025w, https:\/\/i0.wp.com\/saumaize-michelin.com\/wp-content\/uploads\/2020\/05\/saumaize-michelein-pouilly-fuisse-les-ronchevats-2-scaled.jpg?resize=1367%2C2048&amp;ssl=1 1367w, https:\/\/i0.wp.com\/saumaize-michelin.com\/wp-content\/uploads\/2020\/05\/saumaize-michelein-pouilly-fuisse-les-ronchevats-2-scaled.jpg?resize=830%2C1244&amp;ssl=1 830w, https:\/\/i0.wp.com\/saumaize-michelin.com\/wp-content\/uploads\/2020\/05\/saumaize-michelein-pouilly-fuisse-les-ronchevats-2-scaled.jpg?resize=230%2C345&amp;ssl=1 230w, https:\/\/i0.wp.com\/saumaize-michelin.com\/wp-content\/uploads\/2020\/05\/saumaize-michelein-pouilly-fuisse-les-ronchevats-2-scaled.jpg?resize=350%2C524&amp;ssl=1 350w, https:\/\/i0.wp.com\/saumaize-michelin.com\/wp-content\/uploads\/2020\/05\/saumaize-michelein-pouilly-fuisse-les-ronchevats-2-scaled.jpg?resize=480%2C719&amp;ssl=1 480w, https:\/\/i0.wp.com\/saumaize-michelin.com\/wp-content\/uploads\/2020\/05\/saumaize-michelein-pouilly-fuisse-les-ronchevats-2-scaled.jpg?w=1709&amp;ssl=1 1709w\" sizes=\"(max-width: 683px) 100vw, 683px\" data-recalc-dims=\"1\" \/><figcaption class=\"wp-element-caption\"><a href=\"https:\/\/saumaize-michelin.com\/index.php\/deguster\/pouilly-fuisse\/ronchevats\/\">Les Ronchevats<\/a><\/figcaption><\/figure>\n\n\n\n<figure class=\"wp-block-image size-large\"><img loading=\"lazy\" decoding=\"async\" width=\"683\" height=\"1024\" data-id=\"884\" src=\"https:\/\/i0.wp.com\/saumaize-michelin.com\/wp-content\/uploads\/2020\/05\/saumaize-michelein-pouilly-fuisse-pentacrine-2.jpg?resize=683%2C1024&#038;ssl=1\" alt=\"\" class=\"wp-image-884\" srcset=\"https:\/\/i0.wp.com\/saumaize-michelin.com\/wp-content\/uploads\/2020\/05\/saumaize-michelein-pouilly-fuisse-pentacrine-2-scaled.jpg?resize=683%2C1024&amp;ssl=1 683w, https:\/\/i0.wp.com\/saumaize-michelin.com\/wp-content\/uploads\/2020\/05\/saumaize-michelein-pouilly-fuisse-pentacrine-2-scaled.jpg?resize=200%2C300&amp;ssl=1 200w, https:\/\/i0.wp.com\/saumaize-michelin.com\/wp-content\/uploads\/2020\/05\/saumaize-michelein-pouilly-fuisse-pentacrine-2-scaled.jpg?resize=768%2C1151&amp;ssl=1 768w, https:\/\/i0.wp.com\/saumaize-michelin.com\/wp-content\/uploads\/2020\/05\/saumaize-michelein-pouilly-fuisse-pentacrine-2-scaled.jpg?resize=1025%2C1536&amp;ssl=1 1025w, https:\/\/i0.wp.com\/saumaize-michelin.com\/wp-content\/uploads\/2020\/05\/saumaize-michelein-pouilly-fuisse-pentacrine-2-scaled.jpg?resize=1367%2C2048&amp;ssl=1 1367w, https:\/\/i0.wp.com\/saumaize-michelin.com\/wp-content\/uploads\/2020\/05\/saumaize-michelein-pouilly-fuisse-pentacrine-2-scaled.jpg?resize=830%2C1244&amp;ssl=1 830w, https:\/\/i0.wp.com\/saumaize-michelin.com\/wp-content\/uploads\/2020\/05\/saumaize-michelein-pouilly-fuisse-pentacrine-2-scaled.jpg?resize=230%2C345&amp;ssl=1 230w, https:\/\/i0.wp.com\/saumaize-michelin.com\/wp-content\/uploads\/2020\/05\/saumaize-michelein-pouilly-fuisse-pentacrine-2-scaled.jpg?resize=350%2C524&amp;ssl=1 350w, https:\/\/i0.wp.com\/saumaize-michelin.com\/wp-content\/uploads\/2020\/05\/saumaize-michelein-pouilly-fuisse-pentacrine-2-scaled.jpg?resize=480%2C719&amp;ssl=1 480w, https:\/\/i0.wp.com\/saumaize-michelin.com\/wp-content\/uploads\/2020\/05\/saumaize-michelein-pouilly-fuisse-pentacrine-2-scaled.jpg?w=1709&amp;ssl=1 1709w\" sizes=\"(max-width: 683px) 100vw, 683px\" data-recalc-dims=\"1\" \/><figcaption class=\"wp-element-caption\"><a href=\"https:\/\/saumaize-michelin.com\/index.php\/deguster\/pouilly-fuisse\/pentacrine\/\">Pentacrine<\/a><\/figcaption><\/figure>\n\n\n\n<figure class=\"wp-block-image size-large\"><img loading=\"lazy\" decoding=\"async\" width=\"683\" height=\"1024\" data-id=\"885\" src=\"https:\/\/i0.wp.com\/saumaize-michelin.com\/wp-content\/uploads\/2020\/05\/saumaize-michelein-pouilly-fuisse-vignes-blanches-2.jpg?resize=683%2C1024&#038;ssl=1\" alt=\"\" class=\"wp-image-885\" srcset=\"https:\/\/i0.wp.com\/saumaize-michelin.com\/wp-content\/uploads\/2020\/05\/saumaize-michelein-pouilly-fuisse-vignes-blanches-2-scaled.jpg?resize=683%2C1024&amp;ssl=1 683w, https:\/\/i0.wp.com\/saumaize-michelin.com\/wp-content\/uploads\/2020\/05\/saumaize-michelein-pouilly-fuisse-vignes-blanches-2-scaled.jpg?resize=200%2C300&amp;ssl=1 200w, https:\/\/i0.wp.com\/saumaize-michelin.com\/wp-content\/uploads\/2020\/05\/saumaize-michelein-pouilly-fuisse-vignes-blanches-2-scaled.jpg?resize=768%2C1151&amp;ssl=1 768w, https:\/\/i0.wp.com\/saumaize-michelin.com\/wp-content\/uploads\/2020\/05\/saumaize-michelein-pouilly-fuisse-vignes-blanches-2-scaled.jpg?resize=1025%2C1536&amp;ssl=1 1025w, https:\/\/i0.wp.com\/saumaize-michelin.com\/wp-content\/uploads\/2020\/05\/saumaize-michelein-pouilly-fuisse-vignes-blanches-2-scaled.jpg?resize=1367%2C2048&amp;ssl=1 1367w, https:\/\/i0.wp.com\/saumaize-michelin.com\/wp-content\/uploads\/2020\/05\/saumaize-michelein-pouilly-fuisse-vignes-blanches-2-scaled.jpg?resize=830%2C1244&amp;ssl=1 830w, https:\/\/i0.wp.com\/saumaize-michelin.com\/wp-content\/uploads\/2020\/05\/saumaize-michelein-pouilly-fuisse-vignes-blanches-2-scaled.jpg?resize=230%2C345&amp;ssl=1 230w, https:\/\/i0.wp.com\/saumaize-michelin.com\/wp-content\/uploads\/2020\/05\/saumaize-michelein-pouilly-fuisse-vignes-blanches-2-scaled.jpg?resize=350%2C524&amp;ssl=1 350w, https:\/\/i0.wp.com\/saumaize-michelin.com\/wp-content\/uploads\/2020\/05\/saumaize-michelein-pouilly-fuisse-vignes-blanches-2-scaled.jpg?resize=480%2C719&amp;ssl=1 480w, https:\/\/i0.wp.com\/saumaize-michelin.com\/wp-content\/uploads\/2020\/05\/saumaize-michelein-pouilly-fuisse-vignes-blanches-2-scaled.jpg?w=1709&amp;ssl=1 1709w\" sizes=\"(max-width: 683px) 100vw, 683px\" data-recalc-dims=\"1\" \/><figcaption class=\"wp-element-caption\"><a href=\"https:\/\/saumaize-michelin.com\/index.php\/deguster\/pouilly-fuisse\/vignes-blanches\/\">Les Tilliers &#8211; Vignes Blanches<\/a><\/figcaption><\/figure>\n\n\n\n<figure class=\"wp-block-image size-large\"><img loading=\"lazy\" decoding=\"async\" width=\"683\" height=\"1024\" data-id=\"876\" src=\"https:\/\/i0.wp.com\/saumaize-michelin.com\/wp-content\/uploads\/2020\/05\/saumaize-michelein-pouilly-fuisse-ampelopsis-2.jpg?resize=683%2C1024&#038;ssl=1\" alt=\"\" class=\"wp-image-876\" srcset=\"https:\/\/i0.wp.com\/saumaize-michelin.com\/wp-content\/uploads\/2020\/05\/saumaize-michelein-pouilly-fuisse-ampelopsis-2-scaled.jpg?resize=683%2C1024&amp;ssl=1 683w, https:\/\/i0.wp.com\/saumaize-michelin.com\/wp-content\/uploads\/2020\/05\/saumaize-michelein-pouilly-fuisse-ampelopsis-2-scaled.jpg?resize=200%2C300&amp;ssl=1 200w, https:\/\/i0.wp.com\/saumaize-michelin.com\/wp-content\/uploads\/2020\/05\/saumaize-michelein-pouilly-fuisse-ampelopsis-2-scaled.jpg?resize=768%2C1151&amp;ssl=1 768w, https:\/\/i0.wp.com\/saumaize-michelin.com\/wp-content\/uploads\/2020\/05\/saumaize-michelein-pouilly-fuisse-ampelopsis-2-scaled.jpg?resize=1025%2C1536&amp;ssl=1 1025w, https:\/\/i0.wp.com\/saumaize-michelin.com\/wp-content\/uploads\/2020\/05\/saumaize-michelein-pouilly-fuisse-ampelopsis-2-scaled.jpg?resize=1367%2C2048&amp;ssl=1 1367w, https:\/\/i0.wp.com\/saumaize-michelin.com\/wp-content\/uploads\/2020\/05\/saumaize-michelein-pouilly-fuisse-ampelopsis-2-scaled.jpg?resize=830%2C1244&amp;ssl=1 830w, https:\/\/i0.wp.com\/saumaize-michelin.com\/wp-content\/uploads\/2020\/05\/saumaize-michelein-pouilly-fuisse-ampelopsis-2-scaled.jpg?resize=230%2C345&amp;ssl=1 230w, https:\/\/i0.wp.com\/saumaize-michelin.com\/wp-content\/uploads\/2020\/05\/saumaize-michelein-pouilly-fuisse-ampelopsis-2-scaled.jpg?resize=350%2C524&amp;ssl=1 350w, https:\/\/i0.wp.com\/saumaize-michelin.com\/wp-content\/uploads\/2020\/05\/saumaize-michelein-pouilly-fuisse-ampelopsis-2-scaled.jpg?resize=480%2C719&amp;ssl=1 480w, https:\/\/i0.wp.com\/saumaize-michelin.com\/wp-content\/uploads\/2020\/05\/saumaize-michelein-pouilly-fuisse-ampelopsis-2-scaled.jpg?w=1709&amp;ssl=1 1709w\" sizes=\"(max-width: 683px) 100vw, 683px\" data-recalc-dims=\"1\" \/><figcaption class=\"wp-element-caption\"><a href=\"https:\/\/saumaize-michelin.com\/index.php\/deguster\/pouilly-fuisse\/ampelopsis\/\">Amp\u00e9lopsis<\/a><\/figcaption><\/figure>\n\n\n\n<figure class=\"wp-block-image size-large\"><img loading=\"lazy\" decoding=\"async\" width=\"683\" height=\"1024\" data-id=\"878\" src=\"https:\/\/i0.wp.com\/saumaize-michelin.com\/wp-content\/uploads\/2020\/05\/saumaize-michelein-pouilly-fuisse-2-2.jpg?resize=683%2C1024&#038;ssl=1\" alt=\"\" class=\"wp-image-878\" srcset=\"https:\/\/i0.wp.com\/saumaize-michelin.com\/wp-content\/uploads\/2020\/05\/saumaize-michelein-pouilly-fuisse-2-2-scaled.jpg?resize=683%2C1024&amp;ssl=1 683w, https:\/\/i0.wp.com\/saumaize-michelin.com\/wp-content\/uploads\/2020\/05\/saumaize-michelein-pouilly-fuisse-2-2-scaled.jpg?resize=200%2C300&amp;ssl=1 200w, https:\/\/i0.wp.com\/saumaize-michelin.com\/wp-content\/uploads\/2020\/05\/saumaize-michelein-pouilly-fuisse-2-2-scaled.jpg?resize=768%2C1151&amp;ssl=1 768w, https:\/\/i0.wp.com\/saumaize-michelin.com\/wp-content\/uploads\/2020\/05\/saumaize-michelein-pouilly-fuisse-2-2-scaled.jpg?resize=1025%2C1536&amp;ssl=1 1025w, https:\/\/i0.wp.com\/saumaize-michelin.com\/wp-content\/uploads\/2020\/05\/saumaize-michelein-pouilly-fuisse-2-2-scaled.jpg?resize=1367%2C2048&amp;ssl=1 1367w, https:\/\/i0.wp.com\/saumaize-michelin.com\/wp-content\/uploads\/2020\/05\/saumaize-michelein-pouilly-fuisse-2-2-scaled.jpg?resize=830%2C1244&amp;ssl=1 830w, https:\/\/i0.wp.com\/saumaize-michelin.com\/wp-content\/uploads\/2020\/05\/saumaize-michelein-pouilly-fuisse-2-2-scaled.jpg?resize=230%2C345&amp;ssl=1 230w, https:\/\/i0.wp.com\/saumaize-michelin.com\/wp-content\/uploads\/2020\/05\/saumaize-michelein-pouilly-fuisse-2-2-scaled.jpg?resize=350%2C524&amp;ssl=1 350w, https:\/\/i0.wp.com\/saumaize-michelin.com\/wp-content\/uploads\/2020\/05\/saumaize-michelein-pouilly-fuisse-2-2-scaled.jpg?resize=480%2C719&amp;ssl=1 480w, https:\/\/i0.wp.com\/saumaize-michelin.com\/wp-content\/uploads\/2020\/05\/saumaize-michelein-pouilly-fuisse-2-2-scaled.jpg?w=1709&amp;ssl=1 1709w\" sizes=\"(max-width: 683px) 100vw, 683px\" data-recalc-dims=\"1\" \/><\/figure>\n<\/figure>\n\n\n\n<p><a href=\"https:\/\/www.pouilly-fuisse.net\/vergisson\/\" target=\"_blank\" rel=\"noreferrer noopener\">L\u2019Appellation Pouilly-Fuiss\u00e9<\/a> produit exclusivement des vins blancs issus du c\u00e9page Chardonnay sur uniquement 5 communes : Chaintr\u00e9, Fuiss\u00e9, Solutr\u00e9-Pouilly et Vergisson. <\/p>\n\n\n\n<p>L\u2019aire d\u2019appellation est de 780 ha et la production annuelle est de 6 millions de bouteilles.<\/p>\n\n\n\n<p>Les expressions de ses terroirs sont multiples : le terrain argilo-calcaire, nuanc\u00e9 d\u2019une parcelle \u00e0 l\u2019autre de marnes argileuses ou de sols pierreux, donne naissance \u00e0 des vins riches \u00e0 la typicit\u00e9 bien affirm\u00e9e.<\/p>\n\n\n\n<p>Une demande de Premier cru \u00e0 \u00e9t\u00e9 faite.<\/p>\n\n\n\n<p class=\"has-text-align-right\"><\/p>\n","protected":false},"excerpt":{"rendered":"<p>L\u2019Appellation Pouilly-Fuiss\u00e9 produit exclusivement des vins blancs issus du c\u00e9page Chardonnay sur uniquement 5 communes : Chaintr\u00e9, Fuiss\u00e9, Solutr\u00e9-Pouilly et Vergisson. L\u2019aire [&hellip;]<\/p>\n","protected":false},"author":3,"featured_media":0,"parent":18,"menu_order":1,"comment_status":"closed","ping_status":"closed","template":"","meta":{"footnotes":""},"jetpack_sharing_enabled":true,"_links":{"self":[{"href":"https:\/\/saumaize-michelin.com\/index.php\/wp-json\/wp\/v2\/pages\/24"}],"collection":[{"href":"https:\/\/saumaize-michelin.com\/index.php\/wp-json\/wp\/v2\/pages"}],"about":[{"href":"https:\/\/saumaize-michelin.com\/index.php\/wp-json\/wp\/v2\/types\/page"}],"author":[{"embeddable":true,"href":"https:\/\/saumaize-michelin.com\/index.php\/wp-json\/wp\/v2\/users\/3"}],"replies":[{"embeddable":true,"href":"https:\/\/saumaize-michelin.com\/index.php\/wp-json\/wp\/v2\/comments?post=24"}],"version-history":[{"count":8,"href":"https:\/\/saumaize-michelin.com\/index.php\/wp-json\/wp\/v2\/pages\/24\/revisions"}],"predecessor-version":[{"id":1166,"href":"https:\/\/saumaize-michelin.com\/index.php\/wp-json\/wp\/v2\/pages\/24\/revisions\/1166"}],"up":[{"embeddable":true,"href":"https:\/\/saumaize-michelin.com\/index.php\/wp-json\/wp\/v2\/pages\/18"}],"wp:attachment":[{"href":"https:\/\/saumaize-michelin.com\/index.php\/wp-json\/wp\/v2\/media?parent=24"}],"curies":[{"name":"wp","href":"https:\/\/api.w.org\/{rel}","templated":true}]}}