{"id":66,"date":"2016-05-23T16:20:10","date_gmt":"2016-05-23T15:20:10","guid":{"rendered":"http:\/\/saumaize-michelin.com\/?page_id=66"},"modified":"2024-05-14T07:49:33","modified_gmt":"2024-05-14T06:49:33","slug":"presentation","status":"publish","type":"page","link":"https:\/\/saumaize-michelin.com\/index.php\/fr\/presentation\/","title":{"rendered":"Pr\u00e9sentation"},"content":{"rendered":"<div id=\"pl-66\"  class=\"panel-layout\" ><div id=\"pg-66-0\"  class=\"panel-grid panel-has-style\" ><div style=\"padding: 100px 0; \" data-overlay=\"true\" class=\"panel-row-style panel-row-style-for-66-0\" ><div id=\"pgc-66-0-0\"  class=\"panel-grid-cell\" ><div id=\"panel-66-0-0-0\" class=\"so-panel widget widget_sow-editor panel-first-child panel-last-child\" data-index=\"0\" ><div style=\"text-align: left;\" data-title-color=\"#443f3f\" data-headings-color=\"#443f3f\" class=\"panel-widget-style panel-widget-style-for-66-0-0-0\" ><div\n\t\t\t\n\t\t\tclass=\"so-widget-sow-editor so-widget-sow-editor-base\"\n\t\t\t\n\t\t>\n<div class=\"siteorigin-widget-tinymce textwidget\">\n\t<p>Install\u00e9 au c\u0153ur du M\u00e2connais, le domaine Saumaize-Michelin vinifie des bourgognes blancs parmi les meilleurs terroirs des appellations Pouilly-Fuiss\u00e9 1er Cru, Pouilly Fuiss\u00e9, Saint-V\u00e9ran M\u00e2con Village et M\u00e2con rouge.<\/p>\n<p>&nbsp;<\/p>\n<p><strong>Fond\u00e9 en 1977<\/strong> au retour du service militaire de Roger \u00e0 partir d'un m\u00e9tayage de 3,5 ha (partage de la r\u00e9colte \u00e0 50% pour le propri\u00e9taire et 50% pour l'exploitant) le domaine s'est construit peu \u00e0 peu.<br \/>\nEn 1980, la parcelle de\u00a0<a href=\"http:\/\/saumaize-michelin.com\/index.php\/fr\/deguster-macon-village-saint-veran-pouilly-fuisse-chardonnay-gamay-saumaize-michelin-vergisson-vin-de-bourgogne\/pouilly-fuisse\/clos-sur-la-roche\/\">Pouilly Fuiss\u00e9 \"Clos sur la Roche\"<\/a>\u00a0est achet\u00e9e et partiellement plant\u00e9e. Puis ce sont des parcelles de Saint-V\u00e9ran qui compl\u00e8tent la gamme en 1992.<\/p>\n<p>En 1985 ils ont l'id\u00e9e de faire une premi\u00e8re mise en bouteilles d'une cuv\u00e9e parcellaire de Pouilly Fuiss\u00e9: \"Le clos sur la Roche\".<\/p>\n<p>Christine et Roger donne naissance au nom du domaine: Saumaize (nom de roger)\u00a0 Michelin (nom de jeune fille de Christine) en 1995.<br \/>\nIssues du domaine du p\u00e8re de Roger: L\u00e9on Saumaize, les parcelles de <a href=\"http:\/\/saumaize-michelin.com\/index.php\/fr\/deguster-macon-village-saint-veran-pouilly-fuisse-chardonnay-gamay-saumaize-michelin-vergisson-vin-de-bourgogne\/saint-veran\/les-creches\/\">Saint-V\u00e9ran \"Les Cr\u00e8ches\"<\/a>\u00a0et\u00a0<a href=\"http:\/\/saumaize-michelin.com\/index.php\/fr\/deguster-macon-village-saint-veran-pouilly-fuisse-chardonnay-gamay-saumaize-michelin-vergisson-vin-de-bourgogne\/pouilly-fuisse\/courtelongs\/\">pouilly-Fuiss\u00e9 \"Les Courtelongs\"<\/a> viennent \u00e0 leurs tour enrichir le domaine en 1995 et 2005.<\/p>\n<p>C'est en suite que Christine fait rencontrer Roger \u00e0 Pierre Masson par une formation des plus marquante puis que le domaine devient biodynamique non certifi\u00e9.<\/p>\n<p>Enfin, en 2006, marque le rachat d'une partie du m\u00e9tayage.<br \/>\nDes nouvelles caves sont construites en 2007 .<br \/>\nVivien, leur fils d\u00e9cide de revenir sur le domaine en 2012 jusqu'alors \u00e9lectricien. Il travail main dans la main avec Roger pour entamer la transmission de savoir.<\/p>\n<p>Vivien reprend un fermage de 33 ares pour compl\u00e9ter la gamme des Pouilly Fuiss\u00e9 avec la venue de <a href=\"https:\/\/saumaize-michelin.com\/index.php\/fr\/deguster-macon-village-saint-veran-pouilly-fuisse-chardonnay-gamay-saumaize-michelin-vergisson-vin-de-bourgogne\/pouilly-fuisse\/la-maree-chaude\/\">\"La Mar\u00e9chaude\"<\/a>. Une parcelle avec 60% de pente, surnomm\u00e9e \"La vigne Chamois\". Il reprend enti\u00e8rement les directives de vinification en 2018.<\/p>\n<p>C'est en suite au tour de Lisa, leur fille, qui revient sur le domaine en 2020. Ann\u00e9e \u00e9galement marquante puis que c'est l'arriv\u00e9e des Pouilly Fuiss\u00e9 1er cru, le 3 septembre.<\/p>\n<p>Depuis c'est un domaine Familial de 11hectares qui s'efforce de toujours faire mieux, se remettre en question suite au changement climatique sur le pratique Viticole et Vinicole toujours dans le but de :<\/p>\n<p style=\"text-align: center;\"><strong><em>travailler sur des sols vivants, la vigne en symbiose avec la terre nous offre des raisins nourris de terroir qui donnent des vins uniques,<\/em><\/strong><\/p>\n<p style=\"text-align: center;\"><strong><em>reflets du g\u00e9nie de la nature et de la g\u00e9ologie.<\/em><\/strong><\/p>\n<p>&nbsp;<\/p>\n<\/div>\n<\/div><\/div><\/div><\/div><\/div><\/div><div id=\"pg-66-1\"  class=\"panel-grid panel-has-style\" ><div style=\"padding: 100px 0; \" data-overlay=\"true\" class=\"panel-row-style panel-row-style-for-66-1\" ><div id=\"pgc-66-1-0\"  class=\"panel-grid-cell\" ><div id=\"panel-66-1-0-0\" class=\"so-panel widget widget_sow-image panel-first-child panel-last-child\" data-index=\"1\" ><div style=\"text-align: left;\" data-title-color=\"#443f3f\" data-headings-color=\"#443f3f\" class=\"panel-widget-style panel-widget-style-for-66-1-0-0\" ><div\n\t\t\t\n\t\t\tclass=\"so-widget-sow-image so-widget-sow-image-default-113ccd71f3e6-66\"\n\t\t\t\n\t\t>\n<div class=\"sow-image-container\">\n\t\t<img \n\tsrc=\"https:\/\/i0.wp.com\/saumaize-michelin.com\/wp-content\/uploads\/2023\/12\/SC220922-89-scaled.jpg?fit=1024%2C683&amp;ssl=1\" width=\"1024\" height=\"683\" srcset=\"https:\/\/i0.wp.com\/saumaize-michelin.com\/wp-content\/uploads\/2023\/12\/SC220922-89-scaled.jpg?w=2560&amp;ssl=1 2560w, https:\/\/i0.wp.com\/saumaize-michelin.com\/wp-content\/uploads\/2023\/12\/SC220922-89-scaled.jpg?resize=300%2C200&amp;ssl=1 300w, https:\/\/i0.wp.com\/saumaize-michelin.com\/wp-content\/uploads\/2023\/12\/SC220922-89-scaled.jpg?resize=1024%2C683&amp;ssl=1 1024w, https:\/\/i0.wp.com\/saumaize-michelin.com\/wp-content\/uploads\/2023\/12\/SC220922-89-scaled.jpg?resize=768%2C512&amp;ssl=1 768w, https:\/\/i0.wp.com\/saumaize-michelin.com\/wp-content\/uploads\/2023\/12\/SC220922-89-scaled.jpg?resize=1536%2C1024&amp;ssl=1 1536w, https:\/\/i0.wp.com\/saumaize-michelin.com\/wp-content\/uploads\/2023\/12\/SC220922-89-scaled.jpg?resize=2048%2C1365&amp;ssl=1 2048w, https:\/\/i0.wp.com\/saumaize-michelin.com\/wp-content\/uploads\/2023\/12\/SC220922-89-scaled.jpg?resize=1000%2C667&amp;ssl=1 1000w, https:\/\/i0.wp.com\/saumaize-michelin.com\/wp-content\/uploads\/2023\/12\/SC220922-89-scaled.jpg?resize=230%2C153&amp;ssl=1 230w, https:\/\/i0.wp.com\/saumaize-michelin.com\/wp-content\/uploads\/2023\/12\/SC220922-89-scaled.jpg?resize=350%2C233&amp;ssl=1 350w, https:\/\/i0.wp.com\/saumaize-michelin.com\/wp-content\/uploads\/2023\/12\/SC220922-89-scaled.jpg?resize=480%2C320&amp;ssl=1 480w, https:\/\/i0.wp.com\/saumaize-michelin.com\/wp-content\/uploads\/2023\/12\/SC220922-89-scaled.jpg?resize=272%2C182&amp;ssl=1 272w, https:\/\/i0.wp.com\/saumaize-michelin.com\/wp-content\/uploads\/2023\/12\/SC220922-89-scaled.jpg?w=2340&amp;ssl=1 2340w\" title=\"SC220922-89\" alt=\"Roger et Christine Samaize\" \t\tclass=\"so-widget-image\"\/>\n\t<\/div>\n\n<\/div><\/div><\/div><\/div><\/div><\/div><\/div>","protected":false},"excerpt":{"rendered":"<p>Install\u00e9 au c\u0153ur du M\u00e2connais, le domaine Saumaize-Michelin vinifie des bourgognes blancs parmi les meilleurs terroirs des appellations Pouilly-Fuiss\u00e9 1er Cru, Pouilly [&hellip;]<\/p>\n","protected":false},"author":3,"featured_media":0,"parent":0,"menu_order":0,"comment_status":"closed","ping_status":"closed","template":"","meta":{"footnotes":""},"jetpack_sharing_enabled":true,"_links":{"self":[{"href":"https:\/\/saumaize-michelin.com\/index.php\/wp-json\/wp\/v2\/pages\/66"}],"collection":[{"href":"https:\/\/saumaize-michelin.com\/index.php\/wp-json\/wp\/v2\/pages"}],"about":[{"href":"https:\/\/saumaize-michelin.com\/index.php\/wp-json\/wp\/v2\/types\/page"}],"author":[{"embeddable":true,"href":"https:\/\/saumaize-michelin.com\/index.php\/wp-json\/wp\/v2\/users\/3"}],"replies":[{"embeddable":true,"href":"https:\/\/saumaize-michelin.com\/index.php\/wp-json\/wp\/v2\/comments?post=66"}],"version-history":[{"count":18,"href":"https:\/\/saumaize-michelin.com\/index.php\/wp-json\/wp\/v2\/pages\/66\/revisions"}],"predecessor-version":[{"id":1222,"href":"https:\/\/saumaize-michelin.com\/index.php\/wp-json\/wp\/v2\/pages\/66\/revisions\/1222"}],"wp:attachment":[{"href":"https:\/\/saumaize-michelin.com\/index.php\/wp-json\/wp\/v2\/media?parent=66"}],"curies":[{"name":"wp","href":"https:\/\/api.w.org\/{rel}","templated":true}]}}