{"id":85,"date":"2016-05-24T15:30:28","date_gmt":"2016-05-24T13:30:28","guid":{"rendered":"http:\/\/saumaize-michelin.com\/?page_id=85"},"modified":"2023-12-20T11:02:10","modified_gmt":"2023-12-20T10:02:10","slug":"clos-sur-la-roche","status":"publish","type":"page","link":"https:\/\/saumaize-michelin.com\/index.php\/fr\/deguster-macon-village-saint-veran-pouilly-fuisse-chardonnay-gamay-saumaize-michelin-vergisson-vin-de-bourgogne\/pouilly-fuisse\/clos-sur-la-roche\/","title":{"rendered":"Sur la Roche 1er Cru"},"content":{"rendered":"<p>C&rsquo;est en 1979 que nous acqu\u00e9rons le clos sur la roche en appellation Pouilly-Fuiss\u00e9. <a href=\"https:\/\/www.dailymotion.com\/video\/xm93uy\" target=\"_blank\" rel=\"noopener noreferrer\">C&rsquo;est la plus grande parcelle du domaine : 1.65 ha.<\/a><\/p>\n<p>Cette vigne ag\u00e9e aux deux tiers de 35 ans et de 90 ans le reste (Chardonnay 100%), est situ\u00e9e \u00e0 part sur le revers de la Roche de Vergisson. Au milieu d&rsquo;un biotope sous influence m\u00e9diterran\u00e9enne, elle a une maturit\u00e9 pr\u00e9coce. On retrouve dans le vin ce c\u00f4t\u00e9 solaire soutenu par une mati\u00e8re d&rsquo;une grande consistance qui conjugue diff\u00e9rents types de min\u00e9ralit\u00e9. La luminosit\u00e9 de la parcelle apporte toujours un \u00e9clat suppl\u00e9mentaire.<\/p>\n<p>Une belle mati\u00e8re et une grande min\u00e9ralit\u00e9 pour ce vin qui poss\u00e8de un grand potentiel de garde.<\/p>\n<p>Il se d\u00e9guste \u00e0 12\u00b0C avec toutes les viandes en sauce blanche, des escargots de Bourgogne, des beaux poissons et m\u00eame certains fromages de caract\u00e8re.<\/p>\n<p><a href=\"https:\/\/i0.wp.com\/saumaize-michelin.com\/wp-content\/uploads\/2020\/05\/saumaize-michelein-pouilly-fuisse-clos-sur-la-roche-2-scaled.jpg?ssl=1\"><img loading=\"lazy\" decoding=\"async\" class=\"aligncenter wp-image-879 size-medium\" src=\"https:\/\/i0.wp.com\/saumaize-michelin.com\/wp-content\/uploads\/2020\/05\/saumaize-michelein-pouilly-fuisse-clos-sur-la-roche-2.jpg?resize=200%2C300&#038;ssl=1\" alt=\"Pouilly Fuiss\u00e9 Clos sur la Roche Domaine Saumaize Michelin Vergisson Bourgogne\" width=\"200\" height=\"300\" srcset=\"https:\/\/i0.wp.com\/saumaize-michelin.com\/wp-content\/uploads\/2020\/05\/saumaize-michelein-pouilly-fuisse-clos-sur-la-roche-2-scaled.jpg?resize=200%2C300&amp;ssl=1 200w, https:\/\/i0.wp.com\/saumaize-michelin.com\/wp-content\/uploads\/2020\/05\/saumaize-michelein-pouilly-fuisse-clos-sur-la-roche-2-scaled.jpg?resize=683%2C1024&amp;ssl=1 683w, https:\/\/i0.wp.com\/saumaize-michelin.com\/wp-content\/uploads\/2020\/05\/saumaize-michelein-pouilly-fuisse-clos-sur-la-roche-2-scaled.jpg?resize=768%2C1151&amp;ssl=1 768w, https:\/\/i0.wp.com\/saumaize-michelin.com\/wp-content\/uploads\/2020\/05\/saumaize-michelein-pouilly-fuisse-clos-sur-la-roche-2-scaled.jpg?resize=1025%2C1536&amp;ssl=1 1025w, https:\/\/i0.wp.com\/saumaize-michelin.com\/wp-content\/uploads\/2020\/05\/saumaize-michelein-pouilly-fuisse-clos-sur-la-roche-2-scaled.jpg?resize=1367%2C2048&amp;ssl=1 1367w, https:\/\/i0.wp.com\/saumaize-michelin.com\/wp-content\/uploads\/2020\/05\/saumaize-michelein-pouilly-fuisse-clos-sur-la-roche-2-scaled.jpg?resize=830%2C1244&amp;ssl=1 830w, https:\/\/i0.wp.com\/saumaize-michelin.com\/wp-content\/uploads\/2020\/05\/saumaize-michelein-pouilly-fuisse-clos-sur-la-roche-2-scaled.jpg?resize=230%2C345&amp;ssl=1 230w, https:\/\/i0.wp.com\/saumaize-michelin.com\/wp-content\/uploads\/2020\/05\/saumaize-michelein-pouilly-fuisse-clos-sur-la-roche-2-scaled.jpg?resize=350%2C524&amp;ssl=1 350w, https:\/\/i0.wp.com\/saumaize-michelin.com\/wp-content\/uploads\/2020\/05\/saumaize-michelein-pouilly-fuisse-clos-sur-la-roche-2-scaled.jpg?resize=480%2C719&amp;ssl=1 480w, https:\/\/i0.wp.com\/saumaize-michelin.com\/wp-content\/uploads\/2020\/05\/saumaize-michelein-pouilly-fuisse-clos-sur-la-roche-2-scaled.jpg?w=1709&amp;ssl=1 1709w\" sizes=\"(max-width: 200px) 100vw, 200px\" data-recalc-dims=\"1\" \/><\/a><\/p>\n\n\n<p class=\"has-text-align-right\"><\/p>\n","protected":false},"excerpt":{"rendered":"<p>C&rsquo;est en 1979 que nous acqu\u00e9rons le clos sur la roche en appellation Pouilly-Fuiss\u00e9. C&rsquo;est la plus grande parcelle du domaine : [&hellip;]<\/p>\n","protected":false},"author":3,"featured_media":0,"parent":24,"menu_order":2,"comment_status":"closed","ping_status":"closed","template":"","meta":{"footnotes":""},"jetpack_sharing_enabled":true,"_links":{"self":[{"href":"https:\/\/saumaize-michelin.com\/index.php\/wp-json\/wp\/v2\/pages\/85"}],"collection":[{"href":"https:\/\/saumaize-michelin.com\/index.php\/wp-json\/wp\/v2\/pages"}],"about":[{"href":"https:\/\/saumaize-michelin.com\/index.php\/wp-json\/wp\/v2\/types\/page"}],"author":[{"embeddable":true,"href":"https:\/\/saumaize-michelin.com\/index.php\/wp-json\/wp\/v2\/users\/3"}],"replies":[{"embeddable":true,"href":"https:\/\/saumaize-michelin.com\/index.php\/wp-json\/wp\/v2\/comments?post=85"}],"version-history":[{"count":10,"href":"https:\/\/saumaize-michelin.com\/index.php\/wp-json\/wp\/v2\/pages\/85\/revisions"}],"predecessor-version":[{"id":1210,"href":"https:\/\/saumaize-michelin.com\/index.php\/wp-json\/wp\/v2\/pages\/85\/revisions\/1210"}],"up":[{"embeddable":true,"href":"https:\/\/saumaize-michelin.com\/index.php\/wp-json\/wp\/v2\/pages\/24"}],"wp:attachment":[{"href":"https:\/\/saumaize-michelin.com\/index.php\/wp-json\/wp\/v2\/media?parent=85"}],"curies":[{"name":"wp","href":"https:\/\/api.w.org\/{rel}","templated":true}]}}