{"id":87,"date":"2016-05-24T15:30:53","date_gmt":"2016-05-24T13:30:53","guid":{"rendered":"http:\/\/saumaize-michelin.com\/?page_id=87"},"modified":"2023-12-20T10:45:52","modified_gmt":"2023-12-20T09:45:52","slug":"vignes-blanches","status":"publish","type":"page","link":"https:\/\/saumaize-michelin.com\/index.php\/fr\/deguster-macon-village-saint-veran-pouilly-fuisse-chardonnay-gamay-saumaize-michelin-vergisson-vin-de-bourgogne\/pouilly-fuisse\/vignes-blanches\/","title":{"rendered":"Les Tilliers"},"content":{"rendered":"<p>Depuis le mill\u00e9sime 2020, nous n&rsquo;avons plus le droit d&rsquo;appeler cette cuv\u00e9e \u00ab\u00a0Les Vignes Blanches\u00a0\u00bb suite \u00e0 la classification des Pouilly Fuiss\u00e9 en 1er Cru.<\/p>\n<p style=\"text-align: center;\">\u00ab\u00a0Les Vignes Blanches\u00a0\u00bb devient donc \u00ab\u00a0Les Tilliers\u00a0\u00bb, qui est le nom cadastral.<\/p>\n<\/p>\n<p style=\"text-align: left;\">Dans le pass\u00e9, les vignobles rouges \u00e9taient bien plus nombreux que les blancs dans le Maconnais. Cependant, cette vieille parcelle a toujours \u00e9t\u00e9 plant\u00e9e au Chardonnay, car la terre est mieux adapt\u00e9e \u00e0 un c\u00e9page blanc &#8211; d&rsquo;o\u00f9 son nom, Vignes Blanches .<\/p>\n<p>Le nez est sur des ar\u00f4mes de fleurs blanches (ch\u00e8vrefeuille, acacia) et de fruits jaunes, avec des notes min\u00e9rales. L&rsquo;expression du vin est toujours \u00e9quilibr\u00e9e avec une trame soyeuse et un fruit frais, sans aucune lourdeur avec une finale saline.<\/p>\n<p>\u00c2ge des vignes &#8211; 60 ans<\/p>\n<p>100% barrique ferment\u00e9;\u00a0Fermentation 100% malolactique.\u00a0Vieilli 12 mois en f\u00fbts de ch\u00eane fran\u00e7ais 228L.\u00a0Batonnage une fois tous les 10 jours pendant 9 mois en \u00e9levage sur lies fines.<\/p>\n<p><a href=\"https:\/\/i0.wp.com\/saumaize-michelin.com\/wp-content\/uploads\/2020\/05\/saumaize-michelein-pouilly-fuisse-vignes-blanches-2-scaled.jpg?ssl=1\"><img loading=\"lazy\" decoding=\"async\" class=\"aligncenter wp-image-885 size-medium\" src=\"https:\/\/i0.wp.com\/saumaize-michelin.com\/wp-content\/uploads\/2020\/05\/saumaize-michelein-pouilly-fuisse-vignes-blanches-2.jpg?resize=200%2C300&#038;ssl=1\" alt=\"Pouilly Fuiss\u00e9 Vignes Blanche Chardonnay Vergisson Bourgogne Saumaize Michelin\" width=\"200\" height=\"300\" srcset=\"https:\/\/i0.wp.com\/saumaize-michelin.com\/wp-content\/uploads\/2020\/05\/saumaize-michelein-pouilly-fuisse-vignes-blanches-2-scaled.jpg?resize=200%2C300&amp;ssl=1 200w, https:\/\/i0.wp.com\/saumaize-michelin.com\/wp-content\/uploads\/2020\/05\/saumaize-michelein-pouilly-fuisse-vignes-blanches-2-scaled.jpg?resize=683%2C1024&amp;ssl=1 683w, https:\/\/i0.wp.com\/saumaize-michelin.com\/wp-content\/uploads\/2020\/05\/saumaize-michelein-pouilly-fuisse-vignes-blanches-2-scaled.jpg?resize=768%2C1151&amp;ssl=1 768w, https:\/\/i0.wp.com\/saumaize-michelin.com\/wp-content\/uploads\/2020\/05\/saumaize-michelein-pouilly-fuisse-vignes-blanches-2-scaled.jpg?resize=1025%2C1536&amp;ssl=1 1025w, https:\/\/i0.wp.com\/saumaize-michelin.com\/wp-content\/uploads\/2020\/05\/saumaize-michelein-pouilly-fuisse-vignes-blanches-2-scaled.jpg?resize=1367%2C2048&amp;ssl=1 1367w, https:\/\/i0.wp.com\/saumaize-michelin.com\/wp-content\/uploads\/2020\/05\/saumaize-michelein-pouilly-fuisse-vignes-blanches-2-scaled.jpg?resize=830%2C1244&amp;ssl=1 830w, https:\/\/i0.wp.com\/saumaize-michelin.com\/wp-content\/uploads\/2020\/05\/saumaize-michelein-pouilly-fuisse-vignes-blanches-2-scaled.jpg?resize=230%2C345&amp;ssl=1 230w, https:\/\/i0.wp.com\/saumaize-michelin.com\/wp-content\/uploads\/2020\/05\/saumaize-michelein-pouilly-fuisse-vignes-blanches-2-scaled.jpg?resize=350%2C524&amp;ssl=1 350w, https:\/\/i0.wp.com\/saumaize-michelin.com\/wp-content\/uploads\/2020\/05\/saumaize-michelein-pouilly-fuisse-vignes-blanches-2-scaled.jpg?resize=480%2C719&amp;ssl=1 480w, https:\/\/i0.wp.com\/saumaize-michelin.com\/wp-content\/uploads\/2020\/05\/saumaize-michelein-pouilly-fuisse-vignes-blanches-2-scaled.jpg?w=1709&amp;ssl=1 1709w\" sizes=\"(max-width: 200px) 100vw, 200px\" data-recalc-dims=\"1\" \/><\/a><\/p>\n\n\n<p class=\"has-text-align-right\"><\/p>\n","protected":false},"excerpt":{"rendered":"<p>Depuis le mill\u00e9sime 2020, nous n&rsquo;avons plus le droit d&rsquo;appeler cette cuv\u00e9e \u00ab\u00a0Les Vignes Blanches\u00a0\u00bb suite \u00e0 la classification des Pouilly Fuiss\u00e9 [&hellip;]<\/p>\n","protected":false},"author":3,"featured_media":0,"parent":24,"menu_order":3,"comment_status":"closed","ping_status":"closed","template":"","meta":{"footnotes":""},"jetpack_sharing_enabled":true,"_links":{"self":[{"href":"https:\/\/saumaize-michelin.com\/index.php\/wp-json\/wp\/v2\/pages\/87"}],"collection":[{"href":"https:\/\/saumaize-michelin.com\/index.php\/wp-json\/wp\/v2\/pages"}],"about":[{"href":"https:\/\/saumaize-michelin.com\/index.php\/wp-json\/wp\/v2\/types\/page"}],"author":[{"embeddable":true,"href":"https:\/\/saumaize-michelin.com\/index.php\/wp-json\/wp\/v2\/users\/3"}],"replies":[{"embeddable":true,"href":"https:\/\/saumaize-michelin.com\/index.php\/wp-json\/wp\/v2\/comments?post=87"}],"version-history":[{"count":9,"href":"https:\/\/saumaize-michelin.com\/index.php\/wp-json\/wp\/v2\/pages\/87\/revisions"}],"predecessor-version":[{"id":1204,"href":"https:\/\/saumaize-michelin.com\/index.php\/wp-json\/wp\/v2\/pages\/87\/revisions\/1204"}],"up":[{"embeddable":true,"href":"https:\/\/saumaize-michelin.com\/index.php\/wp-json\/wp\/v2\/pages\/24"}],"wp:attachment":[{"href":"https:\/\/saumaize-michelin.com\/index.php\/wp-json\/wp\/v2\/media?parent=87"}],"curies":[{"name":"wp","href":"https:\/\/api.w.org\/{rel}","templated":true}]}}