{"id":9,"date":"2016-05-23T08:49:07","date_gmt":"2016-05-23T06:49:07","guid":{"rendered":"http:\/\/saumaize-michelin.com\/?page_id=9"},"modified":"2023-12-19T17:26:50","modified_gmt":"2023-12-19T16:26:50","slug":"contact","status":"publish","type":"page","link":"https:\/\/saumaize-michelin.com\/index.php\/fr\/contact\/","title":{"rendered":"Nous rencontrer"},"content":{"rendered":"<p>Install\u00e9 au c\u0153ur du M\u00e2connais, le domaine Saumaize-Michelin vinifie des bourgognes blancs parmi les meilleurs terroirs des appellations Pouilly-Fuiss\u00e9 et Saint-V\u00e9ran.<\/p>\n<p>Nous aurons le plaisir de vous rencontrer au domaine <strong><span style=\"color: #339966;\">uniquement sur rendez-vous <\/span><\/strong><span style=\"color: #000000;\">du lundi au samedi midi.<\/span><\/p>\n<p><a href=\"https:\/\/i0.wp.com\/saumaize-michelin.com\/wp-content\/uploads\/2020\/05\/Viamo-Saumaize-Michelin_74A1571-\u00aeantoninbonnet.com_.jpg?ssl=1\"><img loading=\"lazy\" decoding=\"async\" class=\"size-medium wp-image-941 alignright\" src=\"https:\/\/i0.wp.com\/saumaize-michelin.com\/wp-content\/uploads\/2020\/05\/Viamo-Saumaize-Michelin_74A1571-\u00aeantoninbonnet.com_.jpg?resize=200%2C300&#038;ssl=1\" alt=\"\" width=\"200\" height=\"300\" srcset=\"https:\/\/i0.wp.com\/saumaize-michelin.com\/wp-content\/uploads\/2020\/05\/Viamo-Saumaize-Michelin_74A1571-\u00aeantoninbonnet.com_.jpg?resize=200%2C300&amp;ssl=1 200w, https:\/\/i0.wp.com\/saumaize-michelin.com\/wp-content\/uploads\/2020\/05\/Viamo-Saumaize-Michelin_74A1571-\u00aeantoninbonnet.com_.jpg?resize=683%2C1024&amp;ssl=1 683w, https:\/\/i0.wp.com\/saumaize-michelin.com\/wp-content\/uploads\/2020\/05\/Viamo-Saumaize-Michelin_74A1571-\u00aeantoninbonnet.com_.jpg?resize=768%2C1152&amp;ssl=1 768w, https:\/\/i0.wp.com\/saumaize-michelin.com\/wp-content\/uploads\/2020\/05\/Viamo-Saumaize-Michelin_74A1571-\u00aeantoninbonnet.com_.jpg?resize=1024%2C1536&amp;ssl=1 1024w, https:\/\/i0.wp.com\/saumaize-michelin.com\/wp-content\/uploads\/2020\/05\/Viamo-Saumaize-Michelin_74A1571-\u00aeantoninbonnet.com_.jpg?resize=830%2C1245&amp;ssl=1 830w, https:\/\/i0.wp.com\/saumaize-michelin.com\/wp-content\/uploads\/2020\/05\/Viamo-Saumaize-Michelin_74A1571-\u00aeantoninbonnet.com_.jpg?resize=230%2C345&amp;ssl=1 230w, https:\/\/i0.wp.com\/saumaize-michelin.com\/wp-content\/uploads\/2020\/05\/Viamo-Saumaize-Michelin_74A1571-\u00aeantoninbonnet.com_.jpg?resize=350%2C525&amp;ssl=1 350w, https:\/\/i0.wp.com\/saumaize-michelin.com\/wp-content\/uploads\/2020\/05\/Viamo-Saumaize-Michelin_74A1571-\u00aeantoninbonnet.com_.jpg?resize=480%2C720&amp;ssl=1 480w, https:\/\/i0.wp.com\/saumaize-michelin.com\/wp-content\/uploads\/2020\/05\/Viamo-Saumaize-Michelin_74A1571-\u00aeantoninbonnet.com_.jpg?w=1280&amp;ssl=1 1280w\" sizes=\"(max-width: 200px) 100vw, 200px\" data-recalc-dims=\"1\" \/><\/a><\/p>\n<p>Pour plus d&rsquo;informations\u00a0 :<\/p>\n<p><a href=\"https:\/\/goo.gl\/maps\/LNDDk58Yzv4BZfWM7\"><span class=\"_3gl1 _5zz4\" data-offset-key=\"6ois0-0-0\"><span class=\"_ncl\"><span data-offset-key=\"6ois0-0-0\">\ud83d\ude95 51 Impasse du puits, Le Martelet<br \/>71960 Vergisson<br \/>France<\/span><\/span><\/span><\/a><\/p>\n<p>Tel : 03 85 35 84 05<br \/>Mail : domaine@saumaize-michelin.com<\/p>\n<hr \/>\n<p>\u00a0<\/p>\n<p>Liens internet :<\/p>\n<p><a href=\"https:\/\/www.instagram.com\/saumaizemichelin\/\">Notre Instagram<\/a><\/p>\n<p><a href=\"https:\/\/www.facebook.com\/saumaizemichelin\">Notre FaceBook<\/a><\/p>\n<p>\u00a0<\/p>\n<hr \/>\n<p><a href=\"http:\/\/www.artisans-vignerons-bourgogne-sud.com\/\">Artisans vignerons bourgogne du sud<\/a><br \/><a href=\"http:\/\/www.pouilly-fuisse.net\/\">AOC Pouilly-Fuiss\u00e9<\/a><br \/><a href=\"http:\/\/www.vergecosse.com\/\">G\u00eetes Vergecosse<\/a><br \/><a href=\"http:\/\/www.grandsitedefrance.com\/component\/content\/article\/18-les-sites-membres\/88-solutre-pouilly-vergisson.html\">Grand site de France Solutr\u00e9-Vergisson<\/a><\/p>\n<p><a href=\"https:\/\/www.chezromainlapierre.fr\/\">Chambres d&rsquo;Hotes \u00ab\u00a0Chez Romain\u00a0\u00bb<\/a><\/p>\n\n\n<p><\/p>\n","protected":false},"excerpt":{"rendered":"<p>Install\u00e9 au c\u0153ur du M\u00e2connais, le domaine Saumaize-Michelin vinifie des bourgognes blancs parmi les meilleurs terroirs des appellations Pouilly-Fuiss\u00e9 et Saint-V\u00e9ran. Nous [&hellip;]<\/p>\n","protected":false},"author":3,"featured_media":0,"parent":0,"menu_order":0,"comment_status":"closed","ping_status":"closed","template":"","meta":{"footnotes":""},"jetpack_sharing_enabled":true,"_links":{"self":[{"href":"https:\/\/saumaize-michelin.com\/index.php\/wp-json\/wp\/v2\/pages\/9"}],"collection":[{"href":"https:\/\/saumaize-michelin.com\/index.php\/wp-json\/wp\/v2\/pages"}],"about":[{"href":"https:\/\/saumaize-michelin.com\/index.php\/wp-json\/wp\/v2\/types\/page"}],"author":[{"embeddable":true,"href":"https:\/\/saumaize-michelin.com\/index.php\/wp-json\/wp\/v2\/users\/3"}],"replies":[{"embeddable":true,"href":"https:\/\/saumaize-michelin.com\/index.php\/wp-json\/wp\/v2\/comments?post=9"}],"version-history":[{"count":12,"href":"https:\/\/saumaize-michelin.com\/index.php\/wp-json\/wp\/v2\/pages\/9\/revisions"}],"predecessor-version":[{"id":1157,"href":"https:\/\/saumaize-michelin.com\/index.php\/wp-json\/wp\/v2\/pages\/9\/revisions\/1157"}],"wp:attachment":[{"href":"https:\/\/saumaize-michelin.com\/index.php\/wp-json\/wp\/v2\/media?parent=9"}],"curies":[{"name":"wp","href":"https:\/\/api.w.org\/{rel}","templated":true}]}}