{"id":91,"date":"2016-05-24T15:31:46","date_gmt":"2016-05-24T13:31:46","guid":{"rendered":"http:\/\/saumaize-michelin.com\/?page_id=91"},"modified":"2023-12-20T11:01:36","modified_gmt":"2023-12-20T10:01:36","slug":"ampelopsis","status":"publish","type":"page","link":"https:\/\/saumaize-michelin.com\/index.php\/fr\/deguster-macon-village-saint-veran-pouilly-fuisse-chardonnay-gamay-saumaize-michelin-vergisson-vin-de-bourgogne\/pouilly-fuisse\/ampelopsis\/","title":{"rendered":"Amp\u00e9lopsis"},"content":{"rendered":"<p>Pouilly-Fuiss\u00e9 Amp\u00e9lopsis est issu du c\u00e9page Chardonnay (100%).<\/p>\n<p>Cette cuv\u00e9e est une s\u00e9lection de barriques de quatre terroirs.<br \/>\nElle n&rsquo;est r\u00e9alis\u00e9e que certaines ann\u00e9es et en petite quantit\u00e9 pour ne pas d\u00e9stabiliser les autres cuv\u00e9es.<\/p>\n<p>L&rsquo;objectif est d&rsquo;affiner ces mati\u00e8res s\u00e9lectionn\u00e9es par un \u00e9levage plus long, de 20 \u00e0 22 mois. D&rsquo;une expression r\u00e9serv\u00e9e lorsqu&rsquo;il est jeune, le vin d\u00e9voile apr\u00e8s les deux ou trois premi\u00e8res ann\u00e9es la profondeur et la densit\u00e9 de sa texture et d\u00e9veloppe une grande complexit\u00e9 de fruits.<\/p>\n<p>Il se d\u00e9guste \u00e0 12-13\u00b0C avec toutes les viandes en sauce blanche, des escargots de Bourgogne, des beaux poissons.<\/p>\n<p><a href=\"https:\/\/i0.wp.com\/saumaize-michelin.com\/wp-content\/uploads\/2020\/05\/saumaize-michelein-pouilly-fuisse-ampelopsis-2-scaled.jpg?ssl=1\"><img loading=\"lazy\" decoding=\"async\" class=\"aligncenter wp-image-876 size-medium\" src=\"https:\/\/i0.wp.com\/saumaize-michelin.com\/wp-content\/uploads\/2020\/05\/saumaize-michelein-pouilly-fuisse-ampelopsis-2.jpg?resize=200%2C300&#038;ssl=1\" alt=\"Pouilly Fuiss\u00e9 Amp\u00e9lopsis Chardonnay Saumaize Michelin Vin Bourgogne Vergisson\" width=\"200\" height=\"300\" srcset=\"https:\/\/i0.wp.com\/saumaize-michelin.com\/wp-content\/uploads\/2020\/05\/saumaize-michelein-pouilly-fuisse-ampelopsis-2-scaled.jpg?resize=200%2C300&amp;ssl=1 200w, https:\/\/i0.wp.com\/saumaize-michelin.com\/wp-content\/uploads\/2020\/05\/saumaize-michelein-pouilly-fuisse-ampelopsis-2-scaled.jpg?resize=683%2C1024&amp;ssl=1 683w, https:\/\/i0.wp.com\/saumaize-michelin.com\/wp-content\/uploads\/2020\/05\/saumaize-michelein-pouilly-fuisse-ampelopsis-2-scaled.jpg?resize=768%2C1151&amp;ssl=1 768w, https:\/\/i0.wp.com\/saumaize-michelin.com\/wp-content\/uploads\/2020\/05\/saumaize-michelein-pouilly-fuisse-ampelopsis-2-scaled.jpg?resize=1025%2C1536&amp;ssl=1 1025w, https:\/\/i0.wp.com\/saumaize-michelin.com\/wp-content\/uploads\/2020\/05\/saumaize-michelein-pouilly-fuisse-ampelopsis-2-scaled.jpg?resize=1367%2C2048&amp;ssl=1 1367w, https:\/\/i0.wp.com\/saumaize-michelin.com\/wp-content\/uploads\/2020\/05\/saumaize-michelein-pouilly-fuisse-ampelopsis-2-scaled.jpg?resize=830%2C1244&amp;ssl=1 830w, https:\/\/i0.wp.com\/saumaize-michelin.com\/wp-content\/uploads\/2020\/05\/saumaize-michelein-pouilly-fuisse-ampelopsis-2-scaled.jpg?resize=230%2C345&amp;ssl=1 230w, https:\/\/i0.wp.com\/saumaize-michelin.com\/wp-content\/uploads\/2020\/05\/saumaize-michelein-pouilly-fuisse-ampelopsis-2-scaled.jpg?resize=350%2C524&amp;ssl=1 350w, https:\/\/i0.wp.com\/saumaize-michelin.com\/wp-content\/uploads\/2020\/05\/saumaize-michelein-pouilly-fuisse-ampelopsis-2-scaled.jpg?resize=480%2C719&amp;ssl=1 480w, https:\/\/i0.wp.com\/saumaize-michelin.com\/wp-content\/uploads\/2020\/05\/saumaize-michelein-pouilly-fuisse-ampelopsis-2-scaled.jpg?w=1709&amp;ssl=1 1709w\" sizes=\"(max-width: 200px) 100vw, 200px\" data-recalc-dims=\"1\" \/><\/a><\/p>\n\n\n<p class=\"has-text-align-right\"><\/p>\n","protected":false},"excerpt":{"rendered":"<p>Pouilly-Fuiss\u00e9 Amp\u00e9lopsis est issu du c\u00e9page Chardonnay (100%). Cette cuv\u00e9e est une s\u00e9lection de barriques de quatre terroirs. Elle n&rsquo;est r\u00e9alis\u00e9e que [&hellip;]<\/p>\n","protected":false},"author":3,"featured_media":0,"parent":24,"menu_order":5,"comment_status":"closed","ping_status":"closed","template":"","meta":{"footnotes":""},"jetpack_sharing_enabled":true,"_links":{"self":[{"href":"https:\/\/saumaize-michelin.com\/index.php\/wp-json\/wp\/v2\/pages\/91"}],"collection":[{"href":"https:\/\/saumaize-michelin.com\/index.php\/wp-json\/wp\/v2\/pages"}],"about":[{"href":"https:\/\/saumaize-michelin.com\/index.php\/wp-json\/wp\/v2\/types\/page"}],"author":[{"embeddable":true,"href":"https:\/\/saumaize-michelin.com\/index.php\/wp-json\/wp\/v2\/users\/3"}],"replies":[{"embeddable":true,"href":"https:\/\/saumaize-michelin.com\/index.php\/wp-json\/wp\/v2\/comments?post=91"}],"version-history":[{"count":6,"href":"https:\/\/saumaize-michelin.com\/index.php\/wp-json\/wp\/v2\/pages\/91\/revisions"}],"predecessor-version":[{"id":1209,"href":"https:\/\/saumaize-michelin.com\/index.php\/wp-json\/wp\/v2\/pages\/91\/revisions\/1209"}],"up":[{"embeddable":true,"href":"https:\/\/saumaize-michelin.com\/index.php\/wp-json\/wp\/v2\/pages\/24"}],"wp:attachment":[{"href":"https:\/\/saumaize-michelin.com\/index.php\/wp-json\/wp\/v2\/media?parent=91"}],"curies":[{"name":"wp","href":"https:\/\/api.w.org\/{rel}","templated":true}]}}