{"id":93,"date":"2016-05-24T15:32:13","date_gmt":"2016-05-24T13:32:13","guid":{"rendered":"http:\/\/saumaize-michelin.com\/?page_id=93"},"modified":"2023-12-20T11:02:47","modified_gmt":"2023-12-20T10:02:47","slug":"la-maree-chaude","status":"publish","type":"page","link":"https:\/\/saumaize-michelin.com\/index.php\/fr\/deguster-macon-village-saint-veran-pouilly-fuisse-chardonnay-gamay-saumaize-michelin-vergisson-vin-de-bourgogne\/pouilly-fuisse\/la-maree-chaude\/","title":{"rendered":"La Mar\u00e9chaude 1er Cru"},"content":{"rendered":"<p>Pouilly-Fuiss\u00e9 La Mar\u00e9chaude est issu du c\u00e9page Chardonnay (100%).<\/p>\n<p>La Mar\u00e9chaude est l&rsquo;une des derni\u00e8res parcelles acquise par le domaine grace \u00e0 Vivien (notre fils) en 2013. Les vignes y sont encore jeune (25 ans) mais le terroir y est magnifique! calcaire, sur une pente tr\u00e8s marqu\u00e9. tellement marqu\u00e9 que la parcelle n\u00e9cessite d&rsquo;etre travaill\u00e9 exclusivement \u00e0 la main. Le travail y est harassant, plus que n&rsquo;importe quelle autre, mais avec un potentiel \u00e9norme.<\/p>\n<p>Un nez sur des ar\u00f4mes de fleurs, de fruits jaunes, avec des notes d&rsquo;agrumes. La bouche est puissante et charmeuse. Ce vin poss\u00e8de une belle structure et une grande min\u00e9ralit\u00e9 qui apporte beaucoup de fra\u00eecheur.<\/p>\n<p>Il se d\u00e9guste \u00e0 12\u00b0C avec toutes les viandes en sauce blanche, des escargots de Bourgogne, des beaux poissons et m\u00eame certains fromages de caract\u00e8re.<\/p>\n<p><a href=\"https:\/\/i0.wp.com\/saumaize-michelin.com\/wp-content\/uploads\/2020\/05\/saumaize-michelein-pouilly-fuisse-la-marechaude-2-scaled.jpg?ssl=1\"><img loading=\"lazy\" decoding=\"async\" class=\"size-medium wp-image-880 aligncenter\" src=\"https:\/\/i0.wp.com\/saumaize-michelin.com\/wp-content\/uploads\/2020\/05\/saumaize-michelein-pouilly-fuisse-la-marechaude-2.jpg?resize=200%2C300&#038;ssl=1\" alt=\"\" width=\"200\" height=\"300\" srcset=\"https:\/\/i0.wp.com\/saumaize-michelin.com\/wp-content\/uploads\/2020\/05\/saumaize-michelein-pouilly-fuisse-la-marechaude-2-scaled.jpg?resize=200%2C300&amp;ssl=1 200w, https:\/\/i0.wp.com\/saumaize-michelin.com\/wp-content\/uploads\/2020\/05\/saumaize-michelein-pouilly-fuisse-la-marechaude-2-scaled.jpg?resize=683%2C1024&amp;ssl=1 683w, https:\/\/i0.wp.com\/saumaize-michelin.com\/wp-content\/uploads\/2020\/05\/saumaize-michelein-pouilly-fuisse-la-marechaude-2-scaled.jpg?resize=768%2C1151&amp;ssl=1 768w, https:\/\/i0.wp.com\/saumaize-michelin.com\/wp-content\/uploads\/2020\/05\/saumaize-michelein-pouilly-fuisse-la-marechaude-2-scaled.jpg?resize=1025%2C1536&amp;ssl=1 1025w, https:\/\/i0.wp.com\/saumaize-michelin.com\/wp-content\/uploads\/2020\/05\/saumaize-michelein-pouilly-fuisse-la-marechaude-2-scaled.jpg?resize=1367%2C2048&amp;ssl=1 1367w, https:\/\/i0.wp.com\/saumaize-michelin.com\/wp-content\/uploads\/2020\/05\/saumaize-michelein-pouilly-fuisse-la-marechaude-2-scaled.jpg?resize=830%2C1244&amp;ssl=1 830w, https:\/\/i0.wp.com\/saumaize-michelin.com\/wp-content\/uploads\/2020\/05\/saumaize-michelein-pouilly-fuisse-la-marechaude-2-scaled.jpg?resize=230%2C345&amp;ssl=1 230w, https:\/\/i0.wp.com\/saumaize-michelin.com\/wp-content\/uploads\/2020\/05\/saumaize-michelein-pouilly-fuisse-la-marechaude-2-scaled.jpg?resize=350%2C524&amp;ssl=1 350w, https:\/\/i0.wp.com\/saumaize-michelin.com\/wp-content\/uploads\/2020\/05\/saumaize-michelein-pouilly-fuisse-la-marechaude-2-scaled.jpg?resize=480%2C719&amp;ssl=1 480w, https:\/\/i0.wp.com\/saumaize-michelin.com\/wp-content\/uploads\/2020\/05\/saumaize-michelein-pouilly-fuisse-la-marechaude-2-scaled.jpg?w=1709&amp;ssl=1 1709w\" sizes=\"(max-width: 200px) 100vw, 200px\" data-recalc-dims=\"1\" \/><\/a><\/p>\n\n\n<p class=\"has-text-align-right\"><\/p>\n","protected":false},"excerpt":{"rendered":"<p>Pouilly-Fuiss\u00e9 La Mar\u00e9chaude est issu du c\u00e9page Chardonnay (100%). La Mar\u00e9chaude est l&rsquo;une des derni\u00e8res parcelles acquise par le domaine grace \u00e0 [&hellip;]<\/p>\n","protected":false},"author":3,"featured_media":0,"parent":24,"menu_order":6,"comment_status":"closed","ping_status":"closed","template":"","meta":{"footnotes":""},"jetpack_sharing_enabled":true,"_links":{"self":[{"href":"https:\/\/saumaize-michelin.com\/index.php\/wp-json\/wp\/v2\/pages\/93"}],"collection":[{"href":"https:\/\/saumaize-michelin.com\/index.php\/wp-json\/wp\/v2\/pages"}],"about":[{"href":"https:\/\/saumaize-michelin.com\/index.php\/wp-json\/wp\/v2\/types\/page"}],"author":[{"embeddable":true,"href":"https:\/\/saumaize-michelin.com\/index.php\/wp-json\/wp\/v2\/users\/3"}],"replies":[{"embeddable":true,"href":"https:\/\/saumaize-michelin.com\/index.php\/wp-json\/wp\/v2\/comments?post=93"}],"version-history":[{"count":8,"href":"https:\/\/saumaize-michelin.com\/index.php\/wp-json\/wp\/v2\/pages\/93\/revisions"}],"predecessor-version":[{"id":1211,"href":"https:\/\/saumaize-michelin.com\/index.php\/wp-json\/wp\/v2\/pages\/93\/revisions\/1211"}],"up":[{"embeddable":true,"href":"https:\/\/saumaize-michelin.com\/index.php\/wp-json\/wp\/v2\/pages\/24"}],"wp:attachment":[{"href":"https:\/\/saumaize-michelin.com\/index.php\/wp-json\/wp\/v2\/media?parent=93"}],"curies":[{"name":"wp","href":"https:\/\/api.w.org\/{rel}","templated":true}]}}