{"id":95,"date":"2016-05-24T15:32:46","date_gmt":"2016-05-24T13:32:46","guid":{"rendered":"http:\/\/saumaize-michelin.com\/?page_id=95"},"modified":"2023-12-20T11:01:09","modified_gmt":"2023-12-20T10:01:09","slug":"ronchevats","status":"publish","type":"page","link":"https:\/\/saumaize-michelin.com\/index.php\/fr\/deguster-macon-village-saint-veran-pouilly-fuisse-chardonnay-gamay-saumaize-michelin-vergisson-vin-de-bourgogne\/pouilly-fuisse\/ronchevats\/","title":{"rendered":"Aux Charmes"},"content":{"rendered":"<p>Depuis que certains Pouilly Fuiss\u00e9 sont rentr\u00e9s dans les 1er Crus, l&rsquo;INAO nous \u00e0 demand\u00e9 a se que les Ronchevats devienne aux Charmes en 2020.<\/p>\n<p style=\"text-align: center;\">\u00ab\u00a0Les Ronchevats\u00a0\u00bb deviens donc en 2021 \u00ab\u00a0Aux Charmes\u00a0\u00bb<\/p>\n<\/p>\n<p>Nous nous sommes engag\u00e9 \u00e0 faire des cuv\u00e9es \u00ab\u00a0parcellaires\u00a0\u00bb\u00a0 d\u00e8s le milieu des ann\u00e9es 1980, et notamment pour des deux Pouilly-Fuiss\u00e9 \u00ab\u00a0phares\u00a0\u00bb :<\/p>\n<p>Les Ronchevats et Clos sur la Roche.<\/p>\n<p>Les Ronchevats gagnent en saveurs riches, rondes et grasses du sol riche en argile <em>avec des touffes de calcaire<\/em>. Les vignes <em>vignes expos\u00e9es au sud-ouest <\/em>\u00a0ont en moyenne 60 ans.<\/p>\n<p>100% barrique ferment\u00e9;\u00a0Fermentation 100% malolactique.\u00a0Vieilli 12 mois en f\u00fbts de ch\u00eane fran\u00e7ais 228L.\u00a0Batonnage une fois tous les 10 jours pendant 9 mois en \u00e9levage sur lies fines.<\/p>\n<p>Vin puissant et chaleureux offrant des ar\u00f4mes de coing et de fruits doux.\u00a0\u00c9pais et grill\u00e9.\u00a0Riche et bien textur\u00e9.<\/p>\n<p><a href=\"https:\/\/i0.wp.com\/saumaize-michelin.com\/wp-content\/uploads\/2020\/05\/saumaize-michelein-pouilly-fuisse-les-ronchevats-2-scaled.jpg?ssl=1\"><img loading=\"lazy\" decoding=\"async\" class=\"size-medium wp-image-883 aligncenter\" src=\"https:\/\/i0.wp.com\/saumaize-michelin.com\/wp-content\/uploads\/2020\/05\/saumaize-michelein-pouilly-fuisse-les-ronchevats-2.jpg?resize=200%2C300&#038;ssl=1\" alt=\"\" width=\"200\" height=\"300\" srcset=\"https:\/\/i0.wp.com\/saumaize-michelin.com\/wp-content\/uploads\/2020\/05\/saumaize-michelein-pouilly-fuisse-les-ronchevats-2-scaled.jpg?resize=200%2C300&amp;ssl=1 200w, https:\/\/i0.wp.com\/saumaize-michelin.com\/wp-content\/uploads\/2020\/05\/saumaize-michelein-pouilly-fuisse-les-ronchevats-2-scaled.jpg?resize=683%2C1024&amp;ssl=1 683w, https:\/\/i0.wp.com\/saumaize-michelin.com\/wp-content\/uploads\/2020\/05\/saumaize-michelein-pouilly-fuisse-les-ronchevats-2-scaled.jpg?resize=768%2C1151&amp;ssl=1 768w, https:\/\/i0.wp.com\/saumaize-michelin.com\/wp-content\/uploads\/2020\/05\/saumaize-michelein-pouilly-fuisse-les-ronchevats-2-scaled.jpg?resize=1025%2C1536&amp;ssl=1 1025w, https:\/\/i0.wp.com\/saumaize-michelin.com\/wp-content\/uploads\/2020\/05\/saumaize-michelein-pouilly-fuisse-les-ronchevats-2-scaled.jpg?resize=1367%2C2048&amp;ssl=1 1367w, https:\/\/i0.wp.com\/saumaize-michelin.com\/wp-content\/uploads\/2020\/05\/saumaize-michelein-pouilly-fuisse-les-ronchevats-2-scaled.jpg?resize=830%2C1244&amp;ssl=1 830w, https:\/\/i0.wp.com\/saumaize-michelin.com\/wp-content\/uploads\/2020\/05\/saumaize-michelein-pouilly-fuisse-les-ronchevats-2-scaled.jpg?resize=230%2C345&amp;ssl=1 230w, https:\/\/i0.wp.com\/saumaize-michelin.com\/wp-content\/uploads\/2020\/05\/saumaize-michelein-pouilly-fuisse-les-ronchevats-2-scaled.jpg?resize=350%2C524&amp;ssl=1 350w, https:\/\/i0.wp.com\/saumaize-michelin.com\/wp-content\/uploads\/2020\/05\/saumaize-michelein-pouilly-fuisse-les-ronchevats-2-scaled.jpg?resize=480%2C719&amp;ssl=1 480w, https:\/\/i0.wp.com\/saumaize-michelin.com\/wp-content\/uploads\/2020\/05\/saumaize-michelein-pouilly-fuisse-les-ronchevats-2-scaled.jpg?w=1709&amp;ssl=1 1709w\" sizes=\"(max-width: 200px) 100vw, 200px\" data-recalc-dims=\"1\" \/><\/a><\/p>\n\n\n<p class=\"has-text-align-right\"><\/p>\n","protected":false},"excerpt":{"rendered":"<p>Depuis que certains Pouilly Fuiss\u00e9 sont rentr\u00e9s dans les 1er Crus, l&rsquo;INAO nous \u00e0 demand\u00e9 a se que les Ronchevats devienne aux [&hellip;]<\/p>\n","protected":false},"author":3,"featured_media":0,"parent":24,"menu_order":7,"comment_status":"closed","ping_status":"closed","template":"","meta":{"footnotes":""},"jetpack_sharing_enabled":true,"_links":{"self":[{"href":"https:\/\/saumaize-michelin.com\/index.php\/wp-json\/wp\/v2\/pages\/95"}],"collection":[{"href":"https:\/\/saumaize-michelin.com\/index.php\/wp-json\/wp\/v2\/pages"}],"about":[{"href":"https:\/\/saumaize-michelin.com\/index.php\/wp-json\/wp\/v2\/types\/page"}],"author":[{"embeddable":true,"href":"https:\/\/saumaize-michelin.com\/index.php\/wp-json\/wp\/v2\/users\/3"}],"replies":[{"embeddable":true,"href":"https:\/\/saumaize-michelin.com\/index.php\/wp-json\/wp\/v2\/comments?post=95"}],"version-history":[{"count":8,"href":"https:\/\/saumaize-michelin.com\/index.php\/wp-json\/wp\/v2\/pages\/95\/revisions"}],"predecessor-version":[{"id":1208,"href":"https:\/\/saumaize-michelin.com\/index.php\/wp-json\/wp\/v2\/pages\/95\/revisions\/1208"}],"up":[{"embeddable":true,"href":"https:\/\/saumaize-michelin.com\/index.php\/wp-json\/wp\/v2\/pages\/24"}],"wp:attachment":[{"href":"https:\/\/saumaize-michelin.com\/index.php\/wp-json\/wp\/v2\/media?parent=95"}],"curies":[{"name":"wp","href":"https:\/\/api.w.org\/{rel}","templated":true}]}}