{"id":97,"date":"2016-05-24T15:33:10","date_gmt":"2016-05-24T13:33:10","guid":{"rendered":"http:\/\/saumaize-michelin.com\/?page_id=97"},"modified":"2023-12-20T08:57:48","modified_gmt":"2023-12-20T07:57:48","slug":"hauts-de-crays","status":"publish","type":"page","link":"https:\/\/saumaize-michelin.com\/index.php\/fr\/deguster-macon-village-saint-veran-pouilly-fuisse-chardonnay-gamay-saumaize-michelin-vergisson-vin-de-bourgogne\/pouilly-fuisse\/hauts-de-crays\/","title":{"rendered":"Les Crays 1er Cru"},"content":{"rendered":"<p>2006 marque le rachat d&rsquo;une partie du m\u00e9tayage originel des vignes dont \u00ab\u00a0Les Crays\u00a0\u00bb jusqu&rsquo;alors rendue pour moiti\u00e9 au propri\u00e9taire.<\/p>\n<p>\u00a0<\/p>\n<p>Cette cuv\u00e9e est constitu\u00e9 de deux petites parcelles, l\u2019une de 50 ans, l\u2019autre de 30 ans, regroupe 24 ares. Densit\u00e9 : 9 000 pieds par hectare<\/p>\n<p>Situ\u00e9 sur le coteau sud de la roche de Vergisson qui grimpe tr\u00e8s rapidement : 320M en bas et 390M d\u2019altitude en hauteur , \u00e7a situation est tr\u00e8s solaire avec beaucoup de vent.\u00a0 Un sol de marnes bleu recouverte par les \u00e9boulis de la roche de Vergisson, on retrouve quelque oxyde de fer.<\/p>\n<p>Vendange manuelle, foulage, pressurage pneumatique, Fermentations int\u00e9grales en barrique bourguignonne de ch\u00eane fran\u00e7ais (15% en fut neuf). Elevage durant un an sur lie fine. Mise ne bouteille en fonction du calendrier lunaire par nos soins, sans filtration.<\/p>\n<p>\u00a0<\/p>\n<p>Nez sur des ar\u00f4mes de fruits bien m\u00fbrs, avec des notes min\u00e9rales. Bouche g\u00e9n\u00e9reuse avec une belle mati\u00e8re. Finale sur la tension et salivante. Discret la premi\u00e8re ann\u00e9e, ca min\u00e9ralit\u00e9 est tr\u00e8s fine mais avec beaucoup de profondeur.<\/p>\n<p>Il se d\u00e9guste \u00e0 12\u00b0C avec toutes les viandes en sauce blanche, des escargots de Bourgogne, des beaux poissons et m\u00eame certains fromages de caract\u00e8re.<\/p>\n<p>\u00a0<\/p>\n\n\n<figure class=\"wp-block-gallery aligncenter has-nested-images columns-default is-cropped wp-block-gallery-1 is-layout-flex wp-block-gallery-is-layout-flex\">\n<figure class=\"wp-block-image size-large\"><a href=\"https:\/\/i0.wp.com\/saumaize-michelin.com\/wp-content\/uploads\/2020\/05\/saumaize-michelein-pouilly-fuisse-le-haut-des-crays-2-scaled.jpg?ssl=1\"><img loading=\"lazy\" decoding=\"async\" width=\"683\" height=\"1024\" data-id=\"881\" src=\"https:\/\/i0.wp.com\/saumaize-michelin.com\/wp-content\/uploads\/2020\/05\/saumaize-michelein-pouilly-fuisse-le-haut-des-crays-2.jpg?resize=683%2C1024&#038;ssl=1\" alt=\"\" class=\"wp-image-881\" srcset=\"https:\/\/i0.wp.com\/saumaize-michelin.com\/wp-content\/uploads\/2020\/05\/saumaize-michelein-pouilly-fuisse-le-haut-des-crays-2-scaled.jpg?resize=683%2C1024&amp;ssl=1 683w, https:\/\/i0.wp.com\/saumaize-michelin.com\/wp-content\/uploads\/2020\/05\/saumaize-michelein-pouilly-fuisse-le-haut-des-crays-2-scaled.jpg?resize=200%2C300&amp;ssl=1 200w, https:\/\/i0.wp.com\/saumaize-michelin.com\/wp-content\/uploads\/2020\/05\/saumaize-michelein-pouilly-fuisse-le-haut-des-crays-2-scaled.jpg?resize=768%2C1151&amp;ssl=1 768w, https:\/\/i0.wp.com\/saumaize-michelin.com\/wp-content\/uploads\/2020\/05\/saumaize-michelein-pouilly-fuisse-le-haut-des-crays-2-scaled.jpg?resize=1025%2C1536&amp;ssl=1 1025w, https:\/\/i0.wp.com\/saumaize-michelin.com\/wp-content\/uploads\/2020\/05\/saumaize-michelein-pouilly-fuisse-le-haut-des-crays-2-scaled.jpg?resize=1367%2C2048&amp;ssl=1 1367w, https:\/\/i0.wp.com\/saumaize-michelin.com\/wp-content\/uploads\/2020\/05\/saumaize-michelein-pouilly-fuisse-le-haut-des-crays-2-scaled.jpg?resize=830%2C1244&amp;ssl=1 830w, https:\/\/i0.wp.com\/saumaize-michelin.com\/wp-content\/uploads\/2020\/05\/saumaize-michelein-pouilly-fuisse-le-haut-des-crays-2-scaled.jpg?resize=230%2C345&amp;ssl=1 230w, https:\/\/i0.wp.com\/saumaize-michelin.com\/wp-content\/uploads\/2020\/05\/saumaize-michelein-pouilly-fuisse-le-haut-des-crays-2-scaled.jpg?resize=350%2C524&amp;ssl=1 350w, https:\/\/i0.wp.com\/saumaize-michelin.com\/wp-content\/uploads\/2020\/05\/saumaize-michelein-pouilly-fuisse-le-haut-des-crays-2-scaled.jpg?resize=480%2C719&amp;ssl=1 480w, https:\/\/i0.wp.com\/saumaize-michelin.com\/wp-content\/uploads\/2020\/05\/saumaize-michelein-pouilly-fuisse-le-haut-des-crays-2-scaled.jpg?w=1709&amp;ssl=1 1709w\" sizes=\"(max-width: 683px) 100vw, 683px\" data-recalc-dims=\"1\" \/><\/a><\/figure>\n\n\n\n<figure class=\"wp-block-image size-large is-style-default\"><a href=\"https:\/\/i0.wp.com\/saumaize-michelin.com\/wp-content\/uploads\/2023\/12\/la-meilleur-bouteille.png?ssl=1\"><img loading=\"lazy\" decoding=\"async\" width=\"843\" height=\"683\" data-id=\"1172\" src=\"https:\/\/i0.wp.com\/saumaize-michelin.com\/wp-content\/uploads\/2023\/12\/la-meilleur-bouteille.png?resize=843%2C683&#038;ssl=1\" alt=\"\" class=\"wp-image-1172\" srcset=\"https:\/\/i0.wp.com\/saumaize-michelin.com\/wp-content\/uploads\/2023\/12\/la-meilleur-bouteille.png?w=843&amp;ssl=1 843w, https:\/\/i0.wp.com\/saumaize-michelin.com\/wp-content\/uploads\/2023\/12\/la-meilleur-bouteille.png?resize=300%2C243&amp;ssl=1 300w, https:\/\/i0.wp.com\/saumaize-michelin.com\/wp-content\/uploads\/2023\/12\/la-meilleur-bouteille.png?resize=768%2C622&amp;ssl=1 768w, https:\/\/i0.wp.com\/saumaize-michelin.com\/wp-content\/uploads\/2023\/12\/la-meilleur-bouteille.png?resize=230%2C186&amp;ssl=1 230w, https:\/\/i0.wp.com\/saumaize-michelin.com\/wp-content\/uploads\/2023\/12\/la-meilleur-bouteille.png?resize=350%2C284&amp;ssl=1 350w, https:\/\/i0.wp.com\/saumaize-michelin.com\/wp-content\/uploads\/2023\/12\/la-meilleur-bouteille.png?resize=480%2C389&amp;ssl=1 480w\" sizes=\"(max-width: 843px) 100vw, 843px\" data-recalc-dims=\"1\" \/><\/a><figcaption class=\"wp-element-caption\">Meilleur Bouteille dans Bourgogne Aujourd&rsquo;hui 2023<\/figcaption><\/figure>\n<\/figure>\n\n\n\n<p class=\"has-text-align-right\"><\/p>\n","protected":false},"excerpt":{"rendered":"<p>2006 marque le rachat d&rsquo;une partie du m\u00e9tayage originel des vignes dont \u00ab\u00a0Les Crays\u00a0\u00bb jusqu&rsquo;alors rendue pour moiti\u00e9 au propri\u00e9taire. \u00a0 Cette [&hellip;]<\/p>\n","protected":false},"author":3,"featured_media":0,"parent":24,"menu_order":8,"comment_status":"closed","ping_status":"closed","template":"","meta":{"footnotes":""},"jetpack_sharing_enabled":true,"_links":{"self":[{"href":"https:\/\/saumaize-michelin.com\/index.php\/wp-json\/wp\/v2\/pages\/97"}],"collection":[{"href":"https:\/\/saumaize-michelin.com\/index.php\/wp-json\/wp\/v2\/pages"}],"about":[{"href":"https:\/\/saumaize-michelin.com\/index.php\/wp-json\/wp\/v2\/types\/page"}],"author":[{"embeddable":true,"href":"https:\/\/saumaize-michelin.com\/index.php\/wp-json\/wp\/v2\/users\/3"}],"replies":[{"embeddable":true,"href":"https:\/\/saumaize-michelin.com\/index.php\/wp-json\/wp\/v2\/comments?post=97"}],"version-history":[{"count":8,"href":"https:\/\/saumaize-michelin.com\/index.php\/wp-json\/wp\/v2\/pages\/97\/revisions"}],"predecessor-version":[{"id":1175,"href":"https:\/\/saumaize-michelin.com\/index.php\/wp-json\/wp\/v2\/pages\/97\/revisions\/1175"}],"up":[{"embeddable":true,"href":"https:\/\/saumaize-michelin.com\/index.php\/wp-json\/wp\/v2\/pages\/24"}],"wp:attachment":[{"href":"https:\/\/saumaize-michelin.com\/index.php\/wp-json\/wp\/v2\/media?parent=97"}],"curies":[{"name":"wp","href":"https:\/\/api.w.org\/{rel}","templated":true}]}}